{"id":3495,"date":"2021-07-16T10:09:35","date_gmt":"2021-07-16T08:09:35","guid":{"rendered":"https:\/\/simonitesirchacademy.com\/us\/register\/"},"modified":"2023-09-05T16:28:23","modified_gmt":"2023-09-05T14:28:23","slug":"register","status":"publish","type":"page","link":"https:\/\/simonitesirchacademy.com\/us\/es\/register\/","title":{"rendered":"Register"},"content":{"rendered":"<div>&nbsp;<\/div>\n<div>&nbsp;<\/div>\n<div>&nbsp;<\/div>\n<div class=\"col-12 px-0 col-lg-8 mx-auto\">\n<span>Check all the folders of your email box to make sure you don&#8217;t miss our emails.<\/span><br \/>\n\t<div class='user-registration ur-frontend-form   ' id='user-registration-form-3494'>\n\t\t\t\t\t\t\t\t<form method='post' class='register' data-form-id=\"3494\"\n\t\t\t\tdata-enable-strength-password=\"1\" data-minimum-password-strength=\"3\"\n\t\t\t\t\t\t\t\t\t\t\t\t\t\t\t \"enctype=multipart\/form-data\" data-captcha-enabled=\"\">\n\n\t\t\t\t<div class=\"ur-form-row\" data-row-id=\"0\">\t\t\t\t\t\t<div class=\"ur-form-grid ur-grid-1\"\n\t\t\t\t\t\t\tstyle=\"width:99%\">\n\t\t\t\t\t\t\t\t\t\t\t\t\t\t<div  data-field-id=\"type_occupazione\" class=\"ur-field-item field-select \" data-ref-id=\"type_occupazione\">\n\t\t\t\t\t\t\t\t\t<div class=\"form-row validate-required\" id=\"type_occupazione_field\" data-priority=\"\" ><label for=\"type_occupazione\" class=\"ur-label\">\u00bfQu\u00e9 eres en el mundo del vino? <abbr class=\"required\" title=\"required\">*<\/abbr><\/label><select data-rules=\"\" data-id=\"type_occupazione\" name=\"type_occupazione\" id=\"type_occupazione\" class=\"select ur-frontend-field  \" required=\"required\" data-label=\"\u00bfQu\u00e9 eres en el mundo del vino?\" data-allow_clear=\"true\" data-placeholder=\"\">\n\t\t\t\t\t\t\t<option value=\"\" ><\/option><option value=\"Podador De Vi\u00f1a\" >Podador De Vi\u00f1a<\/option><option value=\"Gerente de Bodega\" >Gerente de Bodega<\/option><option value=\"Estudiante\" >Estudiante<\/option><option value=\"Due\u00f1o de Bodega\" >Due\u00f1o de Bodega<\/option><option value=\"Entusiasta\" >Entusiasta<\/option><option value=\"Amateur\" >Amateur<\/option><option value=\"Consultor Enol\u00f3gico\" >Consultor Enol\u00f3gico<\/option>\n\t\t\t\t\t\t<\/select><\/div>\t\t\t\t\t\t\t\t<\/div>\n\t\t\t\t\t\t\t\t\t\t\t\t\t\t<\/div>\n\t\t\t\t\t\t\t\t\t\t\t<\/div>\n\t\t\t\t\t<div class=\"ur-form-row\" data-row-id=\"1\">\t\t\t\t\t\t<div class=\"ur-form-grid ur-grid-1\"\n\t\t\t\t\t\t\tstyle=\"width:48%\">\n\t\t\t\t\t\t\t\t\t\t\t\t\t\t<div  data-field-id=\"first_name\" class=\"ur-field-item field-first_name \" data-ref-id=\"first_name\">\n\t\t\t\t\t\t\t\t\t<div class=\"form-row validate-required\" id=\"first_name_field\" data-priority=\"\" ><label for=\"first_name\" class=\"ur-label\">Nombre <abbr class=\"required\" title=\"required\">*<\/abbr><\/label> <span class=\"input-wrapper\"> <input  data-rules=\"\" data-id=\"first_name\" type=\"text\" class=\"input-text  without_icon input-text ur-frontend-field  \" name=\"first_name\" id=\"first_name\" placeholder=\"\"  value=\"\" required=\"required\" data-label=\"Nombre\" \/> <\/span> <\/div>\t\t\t\t\t\t\t\t<\/div>\n\t\t\t\t\t\t\t\t\t\t\t\t\t\t<\/div>\n\t\t\t\t\t\t\t\t\t\t\t\t<div class=\"ur-form-grid ur-grid-2\"\n\t\t\t\t\t\t\tstyle=\"width:48%\">\n\t\t\t\t\t\t\t\t\t\t\t\t\t\t<div  data-field-id=\"last_name\" class=\"ur-field-item field-last_name \" data-ref-id=\"last_name\">\n\t\t\t\t\t\t\t\t\t<div class=\"form-row validate-required\" id=\"last_name_field\" data-priority=\"\" ><label for=\"last_name\" class=\"ur-label\">Apellido <abbr class=\"required\" title=\"required\">*<\/abbr><\/label> <span class=\"input-wrapper\"> <input  data-rules=\"\" data-id=\"last_name\" type=\"text\" class=\"input-text  without_icon input-text ur-frontend-field  \" name=\"last_name\" id=\"last_name\" placeholder=\"\"  value=\"\" required=\"required\" data-label=\"Apellido\" \/> <\/span> <\/div>\t\t\t\t\t\t\t\t<\/div>\n\t\t\t\t\t\t\t\t\t\t\t\t\t\t<\/div>\n\t\t\t\t\t\t\t\t\t\t\t<\/div>\n\t\t\t\t\t<div class=\"ur-form-row\" data-row-id=\"2\">\t\t\t\t\t\t<div class=\"ur-form-grid ur-grid-1\"\n\t\t\t\t\t\t\tstyle=\"width:48%\">\n\t\t\t\t\t\t\t\t\t\t\t\t\t\t<div  data-field-id=\"user_email\" class=\"ur-field-item field-user_email \" data-ref-id=\"user_email\">\n\t\t\t\t\t\t\t\t\t<div class=\"form-row validate-required\" id=\"user_email_field\" data-priority=\"\" ><label for=\"user_email\" class=\"ur-label\">Correo electr\u00f3nico <abbr class=\"required\" title=\"required\">*<\/abbr><\/label> <span class=\"input-wrapper\"> <input  data-rules=\"\" data-id=\"user_email\" type=\"email\" class=\"input-text  without_icon input-email ur-frontend-field  \" name=\"user_email\" id=\"user_email\" placeholder=\"\"  value=\"\" required=\"required\" data-label=\"Correo electr\u00f3nico\" \/> <\/span> <\/div>\t\t\t\t\t\t\t\t<\/div>\n\t\t\t\t\t\t\t\t\t\t\t\t\t\t<\/div>\n\t\t\t\t\t\t\t\t\t\t\t\t<div class=\"ur-form-grid ur-grid-2\"\n\t\t\t\t\t\t\tstyle=\"width:48%\">\n\t\t\t\t\t\t\t\t\t\t\t\t\t\t<div  data-field-id=\"user_confirm_email\" class=\"ur-field-item field-user_confirm_email \" data-ref-id=\"user_confirm_email\">\n\t\t\t\t\t\t\t\t\t<div class=\"form-row validate-required\" id=\"user_confirm_email_field\" data-priority=\"\" ><label for=\"user_confirm_email\" class=\"ur-label\">Confirmar correo electr\u00f3nico <abbr class=\"required\" title=\"required\">*<\/abbr><\/label> <span class=\"input-wrapper\"> <input  data-rules=\"\" data-id=\"user_confirm_email\" type=\"email\" class=\"input-text  without_icon input-email ur-frontend-field  \" name=\"user_confirm_email\" id=\"user_confirm_email\" placeholder=\"\"  value=\"\" required=\"required\" data-label=\"Confirmar correo electr\u00f3nico\" \/> <\/span> <\/div>\t\t\t\t\t\t\t\t<\/div>\n\t\t\t\t\t\t\t\t\t\t\t\t\t\t<\/div>\n\t\t\t\t\t\t\t\t\t\t\t<\/div>\n\t\t\t\t\t<div class=\"ur-form-row\" data-row-id=\"3\">\t\t\t\t\t\t<div class=\"ur-form-grid ur-grid-1\"\n\t\t\t\t\t\t\tstyle=\"width:48%\">\n\t\t\t\t\t\t\t\t\t\t\t\t\t\t<div  data-field-id=\"user_pass\" class=\"ur-field-item field-user_pass view-password\" data-ref-id=\"user_pass\">\n\t\t\t\t\t\t\t\t\t<div class=\"form-row validate-required hide_show_password\" id=\"user_pass_field\" data-priority=\"\"><label for=\"user_pass\" class=\"ur-label\">Contrase\u00f1a <abbr class=\"required\" title=\"required\">*<\/abbr><\/label> <span class=\"input-wrapper\"> <span class=\"password-input-group input-form-field-icons\"><input data-rules=\"\" data-id=\"user_pass\" type=\"password\" class=\"input-text without_icon input-password ur-frontend-field \" name=\"user_pass\" id=\"user_pass\" placeholder=\"\"  value=\"\" required=\"required\" data-label=\"Contrase\u00f1a\" \/><\/span> <\/span> <\/div>\t\t\t\t\t\t\t\t<\/div>\n\t\t\t\t\t\t\t\t\t\t\t\t\t\t<\/div>\n\t\t\t\t\t\t\t\t\t\t\t\t<div class=\"ur-form-grid ur-grid-2\"\n\t\t\t\t\t\t\tstyle=\"width:48%\">\n\t\t\t\t\t\t\t\t\t\t\t\t\t\t<div  data-field-id=\"user_confirm_password\" class=\"ur-field-item field-user_confirm_password view-password\" data-ref-id=\"user_confirm_password\">\n\t\t\t\t\t\t\t\t\t<div class=\"form-row validate-required hide_show_password\" id=\"user_confirm_password_field\" data-priority=\"\"><label for=\"user_confirm_password\" class=\"ur-label\">Confirmar Contrase\u00f1a <abbr class=\"required\" title=\"required\">*<\/abbr><\/label> <span class=\"input-wrapper\"> <span class=\"password-input-group input-form-field-icons\"><input data-rules=\"\" data-id=\"user_confirm_password\" type=\"password\" class=\"input-text without_icon input-password ur-frontend-field \" name=\"user_confirm_password\" id=\"user_confirm_password\" placeholder=\"\"  value=\"\" required=\"required\" data-label=\"Confirmar Contrase\u00f1a\" \/><\/span> <\/span> <\/div>\t\t\t\t\t\t\t\t<\/div>\n\t\t\t\t\t\t\t\t\t\t\t\t\t\t<\/div>\n\t\t\t\t\t\t\t\t\t\t\t<\/div>\n\t\t\t\t\t<div class=\"ur-form-row\" data-row-id=\"4\">\t\t\t\t\t\t<div class=\"ur-form-grid ur-grid-1\"\n\t\t\t\t\t\t\tstyle=\"width:99%\">\n\t\t\t\t\t\t\t\t\t\t\t\t\t\t<div  data-field-id=\"privacy_policy_1610710778\" class=\"ur-field-item field-privacy_policy \" data-ref-id=\"privacy_policy_1610710778\">\n\t\t\t\t\t\t\t\t\t<div class=\"form-row validate-required\" id=\"privacy_policy_1610710778_field\" data-priority=\"\" ><label class=\"ur-label checkbox\" required=\"required\" data-label=\"INFORMACI\u00d3N SOBRE EL TRATAMIENTO DE LOS DATOS PERSONALES\">\n\t\t\t\t\t\t\t<input data-rules=\"\" data-id=\"privacy_policy_1610710778\" required=\"required\" data-label=\"INFORMACI\u00d3N SOBRE EL TRATAMIENTO DE LOS DATOS PERSONALES\" data-value=\"\" type=\"checkbox\" class=\"input-checkbox ur-frontend-field \" name=\"privacy_policy_1610710778\" id=\"privacy_policy_1610710778\" value=\"1\"  \/> INFORMACI\u00d3N SOBRE EL TRATAMIENTO DE LOS DATOS PERSONALES <abbr class=\"required\" title=\"required\">*<\/abbr><\/label><span class=\"description\">He le\u00eddo la <a href='https:\/\/www.vinemasterpruners.com\/es\/politica-de-privacidad\/' target='_blank'>Pol\u00edtica de privacidad<\/a> de VINE MASTER PRUNERS Academy.<\/span><\/div>\t\t\t\t\t\t\t\t<\/div>\n\t\t\t\t\t\t\t\t\t\t\t\t\t\t<\/div>\n\t\t\t\t\t\t\t\t\t\t\t<\/div>\n\t\t\t\t\t<div class=\"ur-form-row\" data-row-id=\"5\">\t\t\t\t\t\t<div class=\"ur-form-grid ur-grid-1\"\n\t\t\t\t\t\t\tstyle=\"width:99%\">\n\t\t\t\t\t\t\t\t\t\t\t\t\t\t<div  data-field-id=\"mailerlite_1656064579\" class=\"ur-field-item field-mailerlite \" data-ref-id=\"mailerlite_1656064579\">\n\t\t\t\t\t\t\t\t\t<div class=\"form-row validate-required\" id=\"mailerlite_1656064579_field\" data-priority=\"\" ><label class=\"ur-label checkbox\" required=\"required\" data-label=\"Al marcar la casilla\">\n\t\t\t\t\t\t\t<input data-rules=\"\" data-id=\"mailerlite_1656064579\" required=\"required\" data-label=\"Al marcar la casilla\" data-value=\"\" type=\"checkbox\" class=\"input-checkbox ur-frontend-field \" name=\"mailerlite_1656064579\" id=\"mailerlite_1656064579\" value=\"1\"  \/> Al marcar la casilla <abbr class=\"required\" title=\"required\">*<\/abbr><\/label><span class=\"description\">doy mi consentimiento del procesamiento de mis datos personales para recibir mensajes informativos y promocionales, el bolet\u00edn de VINE MASTER PRUNERS Academy, y declaro que he le\u00eddo el p\u00e1rrafo espec\u00edfico relacionado con la \n  <a href='https:\/\/www.vinemasterpruners.com\/en\/privacy-policy\/' target='_blank'>Pol\u00edtica de privacidad<\/a>.<\/span><\/div>\t\t\t\t\t\t\t\t<\/div>\n\t\t\t\t\t\t\t\t\t\t\t\t\t\t<\/div>\n\t\t\t\t\t\t\t\t\t\t\t<\/div>\n\t\t\t\t\t\t\t\t\t\t\t\t\t\t\t\t\t<div class=\"ur-button-container \" >\n\t\t\t\t\t\t\t\t\t\t\t\t\t\t<button type=\"submit\" class=\"btn button ur-submit-button \"  conditional_rules=\"&quot;&quot;\">\n\t\t\t\t\t\t\t\t<span><\/span>\n\t\t\t\t\t\t\t\tSubmit\t\t\t\t\t\t\t<\/button>\n\t\t\t\t\t\t\t\t\t\t\t\t\t\t\t\t\t\t\t\t<\/div>\n\t\t\t\t\t\t\n\t\t\t\t<div style=\"clear:both\"><\/div>\n\t\t\t\t\t\t\t\t<input type=\"hidden\" name=\"ur-registration-language\" value=\"es\"\/>\n\t\t\t\t<input type=\"hidden\" name=\"ur-user-form-id\" value=\"3494\"\/>\n\t\t\t\t<input type=\"hidden\" name=\"ur-redirect-url\" value=\"https:\/\/simonitesirchacademy.com\/us\/es\/cursos-on-demand\/?user=successfully\"\/>\n\t\t\t\t<input type=\"hidden\" id=\"ur_frontend_form_nonce\" name=\"ur_frontend_form_nonce\" value=\"b6cf4d7fea\" \/>\n\t\t\t\t\t\t\t<\/form>\n\t\t\t\n\t\t<div style=\"clear:both\"><\/div>\n\t<\/div>\n\n<\/div>\n","protected":false},"excerpt":{"rendered":"<p>&nbsp; &nbsp; &nbsp; Check all the folders of your email box to make sure you don&#8217;t miss our emails.<\/p>\n","protected":false},"author":1,"featured_media":0,"parent":0,"menu_order":0,"comment_status":"closed","ping_status":"closed","template":"template-parts\/0my-custom-pages-block.php","meta":{"footnotes":""},"class_list":["post-3495","page","type-page","status-publish","hentry"],"acf":[],"yoast_head":"<!-- This site is optimized with the Yoast SEO plugin v27.3 - https:\/\/yoast.com\/product\/yoast-seo-wordpress\/ -->\n<title>Register - Simonit &amp; Sirch Academy Usa<\/title>\n<meta name=\"robots\" content=\"index, follow, max-snippet:-1, max-image-preview:large, max-video-preview:-1\" \/>\n<link rel=\"canonical\" href=\"https:\/\/simonitesirchacademy.com\/us\/register\/\" \/>\n<meta property=\"og:locale\" content=\"es_ES\" \/>\n<meta property=\"og:type\" content=\"article\" \/>\n<meta property=\"og:title\" content=\"Register - Simonit &amp; Sirch Academy Usa\" \/>\n<meta property=\"og:description\" content=\"&nbsp; &nbsp; &nbsp; Check all the folders of your email box to make sure you don&#8217;t miss our emails.\" \/>\n<meta property=\"og:url\" content=\"https:\/\/simonitesirchacademy.com\/us\/register\/\" \/>\n<meta property=\"og:site_name\" content=\"Simonit &amp; Sirch Academy Usa\" \/>\n<meta property=\"article:publisher\" content=\"https:\/\/www.facebook.com\/VINEMASTERPRUNERSACADEMY\" \/>\n<meta property=\"article:modified_time\" content=\"2023-09-05T14:28:23+00:00\" \/>\n<meta name=\"twitter:card\" content=\"summary_large_image\" \/>\n<meta name=\"twitter:label1\" content=\"Tiempo de lectura\" \/>\n\t<meta name=\"twitter:data1\" content=\"1 minuto\" \/>\n<script type=\"application\/ld+json\" class=\"yoast-schema-graph\">{\"@context\":\"https:\\\/\\\/schema.org\",\"@graph\":[{\"@type\":\"WebPage\",\"@id\":\"https:\\\/\\\/simonitesirchacademy.com\\\/us\\\/register\\\/\",\"url\":\"https:\\\/\\\/simonitesirchacademy.com\\\/us\\\/register\\\/\",\"name\":\"Register - Simonit & Sirch Academy Usa\",\"isPartOf\":{\"@id\":\"https:\\\/\\\/simonitesirchacademy.com\\\/us\\\/#website\"},\"datePublished\":\"2021-07-16T08:09:35+00:00\",\"dateModified\":\"2023-09-05T14:28:23+00:00\",\"breadcrumb\":{\"@id\":\"https:\\\/\\\/simonitesirchacademy.com\\\/us\\\/register\\\/#breadcrumb\"},\"inLanguage\":\"es\",\"potentialAction\":[{\"@type\":\"ReadAction\",\"target\":[\"https:\\\/\\\/simonitesirchacademy.com\\\/us\\\/register\\\/\"]}]},{\"@type\":\"BreadcrumbList\",\"@id\":\"https:\\\/\\\/simonitesirchacademy.com\\\/us\\\/register\\\/#breadcrumb\",\"itemListElement\":[{\"@type\":\"ListItem\",\"position\":1,\"name\":\"Home\",\"item\":\"https:\\\/\\\/simonitesirchacademy.com\\\/us\\\/es\\\/\"},{\"@type\":\"ListItem\",\"position\":2,\"name\":\"Register\"}]},{\"@type\":\"WebSite\",\"@id\":\"https:\\\/\\\/simonitesirchacademy.com\\\/us\\\/#website\",\"url\":\"https:\\\/\\\/simonitesirchacademy.com\\\/us\\\/\",\"name\":\"Simonit & Sirch Academy Usa\",\"description\":\"\",\"publisher\":{\"@id\":\"https:\\\/\\\/simonitesirchacademy.com\\\/us\\\/#organization\"},\"potentialAction\":[{\"@type\":\"SearchAction\",\"target\":{\"@type\":\"EntryPoint\",\"urlTemplate\":\"https:\\\/\\\/simonitesirchacademy.com\\\/us\\\/?s={search_term_string}\"},\"query-input\":{\"@type\":\"PropertyValueSpecification\",\"valueRequired\":true,\"valueName\":\"search_term_string\"}}],\"inLanguage\":\"es\"},{\"@type\":\"Organization\",\"@id\":\"https:\\\/\\\/simonitesirchacademy.com\\\/us\\\/#organization\",\"name\":\"Simonit & Sirch Academy Usa\",\"url\":\"https:\\\/\\\/simonitesirchacademy.com\\\/us\\\/\",\"logo\":{\"@type\":\"ImageObject\",\"inLanguage\":\"es\",\"@id\":\"https:\\\/\\\/simonitesirchacademy.com\\\/us\\\/#\\\/schema\\\/logo\\\/image\\\/\",\"url\":\"https:\\\/\\\/simonitesirchacademy.com\\\/us\\\/wp-content\\\/uploads\\\/sites\\\/4\\\/2023\\\/09\\\/simonit-vmp.svg\",\"contentUrl\":\"https:\\\/\\\/simonitesirchacademy.com\\\/us\\\/wp-content\\\/uploads\\\/sites\\\/4\\\/2023\\\/09\\\/simonit-vmp.svg\",\"width\":163,\"height\":84,\"caption\":\"Simonit & Sirch Academy Usa\"},\"image\":{\"@id\":\"https:\\\/\\\/simonitesirchacademy.com\\\/us\\\/#\\\/schema\\\/logo\\\/image\\\/\"},\"sameAs\":[\"https:\\\/\\\/www.facebook.com\\\/VINEMASTERPRUNERSACADEMY\",\"https:\\\/\\\/www.instagram.com\\\/vinemasterprunersacademy\\\/\",\"https:\\\/\\\/www.linkedin.com\\\/company\\\/simonit-sirch\\\/\",\"https:\\\/\\\/www.youtube.com\\\/@simonitesirch\"]}]}<\/script>\n<!-- \/ Yoast SEO plugin. -->","yoast_head_json":{"title":"Register - Simonit & Sirch Academy Usa","robots":{"index":"index","follow":"follow","max-snippet":"max-snippet:-1","max-image-preview":"max-image-preview:large","max-video-preview":"max-video-preview:-1"},"canonical":"https:\/\/simonitesirchacademy.com\/us\/register\/","og_locale":"es_ES","og_type":"article","og_title":"Register - Simonit & Sirch Academy Usa","og_description":"&nbsp; &nbsp; &nbsp; Check all the folders of your email box to make sure you don&#8217;t miss our emails.","og_url":"https:\/\/simonitesirchacademy.com\/us\/register\/","og_site_name":"Simonit & Sirch Academy Usa","article_publisher":"https:\/\/www.facebook.com\/VINEMASTERPRUNERSACADEMY","article_modified_time":"2023-09-05T14:28:23+00:00","twitter_card":"summary_large_image","twitter_misc":{"Tiempo de lectura":"1 minuto"},"schema":{"@context":"https:\/\/schema.org","@graph":[{"@type":"WebPage","@id":"https:\/\/simonitesirchacademy.com\/us\/register\/","url":"https:\/\/simonitesirchacademy.com\/us\/register\/","name":"Register - Simonit & Sirch Academy Usa","isPartOf":{"@id":"https:\/\/simonitesirchacademy.com\/us\/#website"},"datePublished":"2021-07-16T08:09:35+00:00","dateModified":"2023-09-05T14:28:23+00:00","breadcrumb":{"@id":"https:\/\/simonitesirchacademy.com\/us\/register\/#breadcrumb"},"inLanguage":"es","potentialAction":[{"@type":"ReadAction","target":["https:\/\/simonitesirchacademy.com\/us\/register\/"]}]},{"@type":"BreadcrumbList","@id":"https:\/\/simonitesirchacademy.com\/us\/register\/#breadcrumb","itemListElement":[{"@type":"ListItem","position":1,"name":"Home","item":"https:\/\/simonitesirchacademy.com\/us\/es\/"},{"@type":"ListItem","position":2,"name":"Register"}]},{"@type":"WebSite","@id":"https:\/\/simonitesirchacademy.com\/us\/#website","url":"https:\/\/simonitesirchacademy.com\/us\/","name":"Simonit & Sirch Academy Usa","description":"","publisher":{"@id":"https:\/\/simonitesirchacademy.com\/us\/#organization"},"potentialAction":[{"@type":"SearchAction","target":{"@type":"EntryPoint","urlTemplate":"https:\/\/simonitesirchacademy.com\/us\/?s={search_term_string}"},"query-input":{"@type":"PropertyValueSpecification","valueRequired":true,"valueName":"search_term_string"}}],"inLanguage":"es"},{"@type":"Organization","@id":"https:\/\/simonitesirchacademy.com\/us\/#organization","name":"Simonit & Sirch Academy Usa","url":"https:\/\/simonitesirchacademy.com\/us\/","logo":{"@type":"ImageObject","inLanguage":"es","@id":"https:\/\/simonitesirchacademy.com\/us\/#\/schema\/logo\/image\/","url":"https:\/\/simonitesirchacademy.com\/us\/wp-content\/uploads\/sites\/4\/2023\/09\/simonit-vmp.svg","contentUrl":"https:\/\/simonitesirchacademy.com\/us\/wp-content\/uploads\/sites\/4\/2023\/09\/simonit-vmp.svg","width":163,"height":84,"caption":"Simonit & Sirch Academy Usa"},"image":{"@id":"https:\/\/simonitesirchacademy.com\/us\/#\/schema\/logo\/image\/"},"sameAs":["https:\/\/www.facebook.com\/VINEMASTERPRUNERSACADEMY","https:\/\/www.instagram.com\/vinemasterprunersacademy\/","https:\/\/www.linkedin.com\/company\/simonit-sirch\/","https:\/\/www.youtube.com\/@simonitesirch"]}]}},"_links":{"self":[{"href":"https:\/\/simonitesirchacademy.com\/us\/es\/wp-json\/wp\/v2\/pages\/3495","targetHints":{"allow":["GET"]}}],"collection":[{"href":"https:\/\/simonitesirchacademy.com\/us\/es\/wp-json\/wp\/v2\/pages"}],"about":[{"href":"https:\/\/simonitesirchacademy.com\/us\/es\/wp-json\/wp\/v2\/types\/page"}],"author":[{"embeddable":true,"href":"https:\/\/simonitesirchacademy.com\/us\/es\/wp-json\/wp\/v2\/users\/1"}],"replies":[{"embeddable":true,"href":"https:\/\/simonitesirchacademy.com\/us\/es\/wp-json\/wp\/v2\/comments?post=3495"}],"version-history":[{"count":1,"href":"https:\/\/simonitesirchacademy.com\/us\/es\/wp-json\/wp\/v2\/pages\/3495\/revisions"}],"predecessor-version":[{"id":3496,"href":"https:\/\/simonitesirchacademy.com\/us\/es\/wp-json\/wp\/v2\/pages\/3495\/revisions\/3496"}],"wp:attachment":[{"href":"https:\/\/simonitesirchacademy.com\/us\/es\/wp-json\/wp\/v2\/media?parent=3495"}],"curies":[{"name":"wp","href":"https:\/\/api.w.org\/{rel}","templated":true}]}}