{"id":3695,"date":"2023-05-26T09:50:29","date_gmt":"2023-05-26T07:50:29","guid":{"rendered":"https:\/\/simonitesirchacademy.com\/us\/cursos-gratuitos-2\/"},"modified":"2023-09-06T13:21:52","modified_gmt":"2023-09-06T11:21:52","slug":"cursos-gratuitos","status":"publish","type":"page","link":"https:\/\/simonitesirchacademy.com\/us\/es\/cursos-gratuitos\/","title":{"rendered":"Cursos Gratuitos"},"content":{"rendered":"","protected":false},"excerpt":{"rendered":"","protected":false},"author":1,"featured_media":3327,"parent":0,"menu_order":0,"comment_status":"closed","ping_status":"closed","template":"template-parts\/0my-custom-pages-block.php","meta":{"footnotes":""},"class_list":["post-3695","page","type-page","status-publish","has-post-thumbnail","hentry"],"acf":[],"yoast_head":"<!-- This site is optimized with the Yoast SEO plugin v27.3 - https:\/\/yoast.com\/product\/yoast-seo-wordpress\/ -->\n<title>Cursos Gratuitos - Simonit &amp; Sirch Academy Usa<\/title>\n<meta name=\"description\" content=\"Cada a\u00f1o los vi\u00f1edos pierden cepas por inexperiencia o mala poda. Esto tiene m\u00faltiples consecuencias, en t\u00e9rminos de producci\u00f3n, calidad y gesti\u00f3n.\" \/>\n<meta name=\"robots\" content=\"index, follow, max-snippet:-1, max-image-preview:large, max-video-preview:-1\" \/>\n<link rel=\"canonical\" href=\"https:\/\/simonitesirchacademy.com\/us\/free-courses\/\" \/>\n<meta property=\"og:locale\" content=\"es_ES\" \/>\n<meta property=\"og:type\" content=\"article\" \/>\n<meta property=\"og:title\" content=\"Cursos Gratuitos - Simonit &amp; Sirch Academy Usa\" \/>\n<meta property=\"og:description\" content=\"Cada a\u00f1o los vi\u00f1edos pierden cepas por inexperiencia o mala poda. Esto tiene m\u00faltiples consecuencias, en t\u00e9rminos de producci\u00f3n, calidad y gesti\u00f3n.\" \/>\n<meta property=\"og:url\" content=\"https:\/\/simonitesirchacademy.com\/us\/free-courses\/\" \/>\n<meta property=\"og:site_name\" content=\"Simonit &amp; Sirch Academy Usa\" \/>\n<meta property=\"article:publisher\" content=\"https:\/\/www.facebook.com\/VINEMASTERPRUNERSACADEMY\" \/>\n<meta property=\"article:modified_time\" content=\"2023-09-06T11:21:52+00:00\" \/>\n<meta property=\"og:image\" content=\"https:\/\/simonitesirchacademy.com\/us\/wp-content\/uploads\/sites\/4\/2023\/09\/Guyot_potatura-simonitesirch-vs-testadisalice_HD-1.jpg\" \/>\n\t<meta property=\"og:image:width\" content=\"1920\" \/>\n\t<meta property=\"og:image:height\" content=\"1280\" \/>\n\t<meta property=\"og:image:type\" content=\"image\/jpeg\" \/>\n<meta name=\"twitter:card\" content=\"summary_large_image\" \/>\n<script type=\"application\/ld+json\" class=\"yoast-schema-graph\">{\"@context\":\"https:\\\/\\\/schema.org\",\"@graph\":[{\"@type\":\"WebPage\",\"@id\":\"https:\\\/\\\/simonitesirchacademy.com\\\/us\\\/free-courses\\\/\",\"url\":\"https:\\\/\\\/simonitesirchacademy.com\\\/us\\\/free-courses\\\/\",\"name\":\"Cursos Gratuitos - Simonit & Sirch Academy Usa\",\"isPartOf\":{\"@id\":\"https:\\\/\\\/simonitesirchacademy.com\\\/us\\\/#website\"},\"primaryImageOfPage\":{\"@id\":\"https:\\\/\\\/simonitesirchacademy.com\\\/us\\\/free-courses\\\/#primaryimage\"},\"image\":{\"@id\":\"https:\\\/\\\/simonitesirchacademy.com\\\/us\\\/free-courses\\\/#primaryimage\"},\"thumbnailUrl\":\"https:\\\/\\\/simonitesirchacademy.com\\\/us\\\/wp-content\\\/uploads\\\/sites\\\/4\\\/2023\\\/09\\\/Guyot_potatura-simonitesirch-vs-testadisalice_HD-1.jpg\",\"datePublished\":\"2023-05-26T07:50:29+00:00\",\"dateModified\":\"2023-09-06T11:21:52+00:00\",\"description\":\"Cada a\u00f1o los vi\u00f1edos pierden cepas por inexperiencia o mala poda. Esto tiene m\u00faltiples consecuencias, en t\u00e9rminos de producci\u00f3n, calidad y gesti\u00f3n.\",\"breadcrumb\":{\"@id\":\"https:\\\/\\\/simonitesirchacademy.com\\\/us\\\/free-courses\\\/#breadcrumb\"},\"inLanguage\":\"es\",\"potentialAction\":[{\"@type\":\"ReadAction\",\"target\":[\"https:\\\/\\\/simonitesirchacademy.com\\\/us\\\/free-courses\\\/\"]}]},{\"@type\":\"ImageObject\",\"inLanguage\":\"es\",\"@id\":\"https:\\\/\\\/simonitesirchacademy.com\\\/us\\\/free-courses\\\/#primaryimage\",\"url\":\"https:\\\/\\\/simonitesirchacademy.com\\\/us\\\/wp-content\\\/uploads\\\/sites\\\/4\\\/2023\\\/09\\\/Guyot_potatura-simonitesirch-vs-testadisalice_HD-1.jpg\",\"contentUrl\":\"https:\\\/\\\/simonitesirchacademy.com\\\/us\\\/wp-content\\\/uploads\\\/sites\\\/4\\\/2023\\\/09\\\/Guyot_potatura-simonitesirch-vs-testadisalice_HD-1.jpg\",\"width\":1920,\"height\":1280},{\"@type\":\"BreadcrumbList\",\"@id\":\"https:\\\/\\\/simonitesirchacademy.com\\\/us\\\/free-courses\\\/#breadcrumb\",\"itemListElement\":[{\"@type\":\"ListItem\",\"position\":1,\"name\":\"Home\",\"item\":\"https:\\\/\\\/simonitesirchacademy.com\\\/us\\\/es\\\/\"},{\"@type\":\"ListItem\",\"position\":2,\"name\":\"Cursos Gratuitos\"}]},{\"@type\":\"WebSite\",\"@id\":\"https:\\\/\\\/simonitesirchacademy.com\\\/us\\\/#website\",\"url\":\"https:\\\/\\\/simonitesirchacademy.com\\\/us\\\/\",\"name\":\"Simonit & Sirch Academy Usa\",\"description\":\"\",\"publisher\":{\"@id\":\"https:\\\/\\\/simonitesirchacademy.com\\\/us\\\/#organization\"},\"potentialAction\":[{\"@type\":\"SearchAction\",\"target\":{\"@type\":\"EntryPoint\",\"urlTemplate\":\"https:\\\/\\\/simonitesirchacademy.com\\\/us\\\/?s={search_term_string}\"},\"query-input\":{\"@type\":\"PropertyValueSpecification\",\"valueRequired\":true,\"valueName\":\"search_term_string\"}}],\"inLanguage\":\"es\"},{\"@type\":\"Organization\",\"@id\":\"https:\\\/\\\/simonitesirchacademy.com\\\/us\\\/#organization\",\"name\":\"Simonit & Sirch Academy Usa\",\"url\":\"https:\\\/\\\/simonitesirchacademy.com\\\/us\\\/\",\"logo\":{\"@type\":\"ImageObject\",\"inLanguage\":\"es\",\"@id\":\"https:\\\/\\\/simonitesirchacademy.com\\\/us\\\/#\\\/schema\\\/logo\\\/image\\\/\",\"url\":\"https:\\\/\\\/simonitesirchacademy.com\\\/us\\\/wp-content\\\/uploads\\\/sites\\\/4\\\/2023\\\/09\\\/simonit-vmp.svg\",\"contentUrl\":\"https:\\\/\\\/simonitesirchacademy.com\\\/us\\\/wp-content\\\/uploads\\\/sites\\\/4\\\/2023\\\/09\\\/simonit-vmp.svg\",\"width\":163,\"height\":84,\"caption\":\"Simonit & Sirch Academy Usa\"},\"image\":{\"@id\":\"https:\\\/\\\/simonitesirchacademy.com\\\/us\\\/#\\\/schema\\\/logo\\\/image\\\/\"},\"sameAs\":[\"https:\\\/\\\/www.facebook.com\\\/VINEMASTERPRUNERSACADEMY\",\"https:\\\/\\\/www.instagram.com\\\/vinemasterprunersacademy\\\/\",\"https:\\\/\\\/www.linkedin.com\\\/company\\\/simonit-sirch\\\/\",\"https:\\\/\\\/www.youtube.com\\\/@simonitesirch\"]}]}<\/script>\n<!-- \/ Yoast SEO plugin. -->","yoast_head_json":{"title":"Cursos Gratuitos - Simonit & Sirch Academy Usa","description":"Cada a\u00f1o los vi\u00f1edos pierden cepas por inexperiencia o mala poda. Esto tiene m\u00faltiples consecuencias, en t\u00e9rminos de producci\u00f3n, calidad y gesti\u00f3n.","robots":{"index":"index","follow":"follow","max-snippet":"max-snippet:-1","max-image-preview":"max-image-preview:large","max-video-preview":"max-video-preview:-1"},"canonical":"https:\/\/simonitesirchacademy.com\/us\/free-courses\/","og_locale":"es_ES","og_type":"article","og_title":"Cursos Gratuitos - Simonit & Sirch Academy Usa","og_description":"Cada a\u00f1o los vi\u00f1edos pierden cepas por inexperiencia o mala poda. Esto tiene m\u00faltiples consecuencias, en t\u00e9rminos de producci\u00f3n, calidad y gesti\u00f3n.","og_url":"https:\/\/simonitesirchacademy.com\/us\/free-courses\/","og_site_name":"Simonit & Sirch Academy Usa","article_publisher":"https:\/\/www.facebook.com\/VINEMASTERPRUNERSACADEMY","article_modified_time":"2023-09-06T11:21:52+00:00","og_image":[{"width":1920,"height":1280,"url":"https:\/\/simonitesirchacademy.com\/us\/wp-content\/uploads\/sites\/4\/2023\/09\/Guyot_potatura-simonitesirch-vs-testadisalice_HD-1.jpg","type":"image\/jpeg"}],"twitter_card":"summary_large_image","schema":{"@context":"https:\/\/schema.org","@graph":[{"@type":"WebPage","@id":"https:\/\/simonitesirchacademy.com\/us\/free-courses\/","url":"https:\/\/simonitesirchacademy.com\/us\/free-courses\/","name":"Cursos Gratuitos - Simonit & Sirch Academy Usa","isPartOf":{"@id":"https:\/\/simonitesirchacademy.com\/us\/#website"},"primaryImageOfPage":{"@id":"https:\/\/simonitesirchacademy.com\/us\/free-courses\/#primaryimage"},"image":{"@id":"https:\/\/simonitesirchacademy.com\/us\/free-courses\/#primaryimage"},"thumbnailUrl":"https:\/\/simonitesirchacademy.com\/us\/wp-content\/uploads\/sites\/4\/2023\/09\/Guyot_potatura-simonitesirch-vs-testadisalice_HD-1.jpg","datePublished":"2023-05-26T07:50:29+00:00","dateModified":"2023-09-06T11:21:52+00:00","description":"Cada a\u00f1o los vi\u00f1edos pierden cepas por inexperiencia o mala poda. Esto tiene m\u00faltiples consecuencias, en t\u00e9rminos de producci\u00f3n, calidad y gesti\u00f3n.","breadcrumb":{"@id":"https:\/\/simonitesirchacademy.com\/us\/free-courses\/#breadcrumb"},"inLanguage":"es","potentialAction":[{"@type":"ReadAction","target":["https:\/\/simonitesirchacademy.com\/us\/free-courses\/"]}]},{"@type":"ImageObject","inLanguage":"es","@id":"https:\/\/simonitesirchacademy.com\/us\/free-courses\/#primaryimage","url":"https:\/\/simonitesirchacademy.com\/us\/wp-content\/uploads\/sites\/4\/2023\/09\/Guyot_potatura-simonitesirch-vs-testadisalice_HD-1.jpg","contentUrl":"https:\/\/simonitesirchacademy.com\/us\/wp-content\/uploads\/sites\/4\/2023\/09\/Guyot_potatura-simonitesirch-vs-testadisalice_HD-1.jpg","width":1920,"height":1280},{"@type":"BreadcrumbList","@id":"https:\/\/simonitesirchacademy.com\/us\/free-courses\/#breadcrumb","itemListElement":[{"@type":"ListItem","position":1,"name":"Home","item":"https:\/\/simonitesirchacademy.com\/us\/es\/"},{"@type":"ListItem","position":2,"name":"Cursos Gratuitos"}]},{"@type":"WebSite","@id":"https:\/\/simonitesirchacademy.com\/us\/#website","url":"https:\/\/simonitesirchacademy.com\/us\/","name":"Simonit & Sirch Academy Usa","description":"","publisher":{"@id":"https:\/\/simonitesirchacademy.com\/us\/#organization"},"potentialAction":[{"@type":"SearchAction","target":{"@type":"EntryPoint","urlTemplate":"https:\/\/simonitesirchacademy.com\/us\/?s={search_term_string}"},"query-input":{"@type":"PropertyValueSpecification","valueRequired":true,"valueName":"search_term_string"}}],"inLanguage":"es"},{"@type":"Organization","@id":"https:\/\/simonitesirchacademy.com\/us\/#organization","name":"Simonit & Sirch Academy Usa","url":"https:\/\/simonitesirchacademy.com\/us\/","logo":{"@type":"ImageObject","inLanguage":"es","@id":"https:\/\/simonitesirchacademy.com\/us\/#\/schema\/logo\/image\/","url":"https:\/\/simonitesirchacademy.com\/us\/wp-content\/uploads\/sites\/4\/2023\/09\/simonit-vmp.svg","contentUrl":"https:\/\/simonitesirchacademy.com\/us\/wp-content\/uploads\/sites\/4\/2023\/09\/simonit-vmp.svg","width":163,"height":84,"caption":"Simonit & Sirch Academy Usa"},"image":{"@id":"https:\/\/simonitesirchacademy.com\/us\/#\/schema\/logo\/image\/"},"sameAs":["https:\/\/www.facebook.com\/VINEMASTERPRUNERSACADEMY","https:\/\/www.instagram.com\/vinemasterprunersacademy\/","https:\/\/www.linkedin.com\/company\/simonit-sirch\/","https:\/\/www.youtube.com\/@simonitesirch"]}]}},"_links":{"self":[{"href":"https:\/\/simonitesirchacademy.com\/us\/es\/wp-json\/wp\/v2\/pages\/3695","targetHints":{"allow":["GET"]}}],"collection":[{"href":"https:\/\/simonitesirchacademy.com\/us\/es\/wp-json\/wp\/v2\/pages"}],"about":[{"href":"https:\/\/simonitesirchacademy.com\/us\/es\/wp-json\/wp\/v2\/types\/page"}],"author":[{"embeddable":true,"href":"https:\/\/simonitesirchacademy.com\/us\/es\/wp-json\/wp\/v2\/users\/1"}],"replies":[{"embeddable":true,"href":"https:\/\/simonitesirchacademy.com\/us\/es\/wp-json\/wp\/v2\/comments?post=3695"}],"version-history":[{"count":4,"href":"https:\/\/simonitesirchacademy.com\/us\/es\/wp-json\/wp\/v2\/pages\/3695\/revisions"}],"predecessor-version":[{"id":3761,"href":"https:\/\/simonitesirchacademy.com\/us\/es\/wp-json\/wp\/v2\/pages\/3695\/revisions\/3761"}],"wp:featuredmedia":[{"embeddable":true,"href":"https:\/\/simonitesirchacademy.com\/us\/es\/wp-json\/wp\/v2\/media\/3327"}],"wp:attachment":[{"href":"https:\/\/simonitesirchacademy.com\/us\/es\/wp-json\/wp\/v2\/media?parent=3695"}],"curies":[{"name":"wp","href":"https:\/\/api.w.org\/{rel}","templated":true}]}}