{"id":3781,"date":"2020-08-26T11:55:03","date_gmt":"2020-08-26T09:55:03","guid":{"rendered":"https:\/\/simonitesirchacademy.com\/us\/politica-de-privacidad\/"},"modified":"2023-09-06T19:02:55","modified_gmt":"2023-09-06T17:02:55","slug":"politica-de-privacidad","status":"publish","type":"page","link":"https:\/\/simonitesirchacademy.com\/us\/es\/politica-de-privacidad\/","title":{"rendered":"Pol\u00edtica de Privacidad"},"content":{"rendered":"<div class=\"col-lg-8 mx-auto\">\r\n<p><b>INFORMACI\u00d3N SOBRE EL TRATAMIENTO DE DATOS PERSONALES<\/b><\/p>\r\n<p><span style=\"font-weight: 400;\">A los efectos previstos por el Reglamento de la UE n. 2016\/679 relativa a la protecci\u00f3n de las personas con respecto al tratamiento de datos personales, le informo que el tratamiento de los datos personales facilitados por usted y adquiridos por PREPARATORI D&#8217;UVA S.r.l., con sede en Via Papa Giovanni XXIII 62, 33040 Corno di Rosazzo (UD) \u2013 Italia, ser\u00e1n tratados de conformidad con lo dispuesto en el citado Reglamento y los consiguientes derechos y obligaciones.<\/span><\/p>\r\n<ol>\r\n<li><span style=\"font-weight: 400;\"><br \/><\/span><b> Qui\u00e9n es el RESPONSABLE DEL TRATAMIENTO<\/b><\/li>\r\n<\/ol>\r\n<p><span style=\"font-weight: 400;\">El controlador de datos es PREPARATORI D\u2019UVA S.r.l., con sede en Via Papa Giovanni XXIII 62, 33040 Corno di Rosazzo (UD) \u2013 Italia, c\u00f3digo fiscal y n\u00famero de IVA IT02298100302, correo electr\u00f3nico info@vinemasterpruners.com.<\/span><\/p>\r\n<p>&nbsp;<\/p>\r\n<ol start=\"2\">\r\n<li><b> Finalidad y objeto del tratamiento (\u00bfPor qu\u00e9 recabamos sus datos personales y qu\u00e9 datos recabamos?)<\/b><\/li>\r\n<\/ol>\r\n<p><span style=\"font-weight: 400;\">PREPARATORI D\u2019UVA S.r.l., en el ejercicio de la actividad de Vine Master Pruners, recoge los siguientes datos personales a trav\u00e9s del sitio web www.vinemasterpruners.com:<\/span><\/p>\r\n<ol>\r\n<li><span style=\"font-weight: 400;\">a) para gestionar las relaciones contractuales con los clientes: nombre, apellidos, domicilio, NIF, n\u00famero de tel\u00e9fono, direcci\u00f3n de correo electr\u00f3nico y, en su caso y en funci\u00f3n de la forma de pago elegida, datos bancarios.<\/span><\/li>\r\n<\/ol>\r\n<p><span style=\"font-weight: 400;\">Con el consentimiento expreso del interesado, PREPARATORI D\u2019UVA S.r.l. tambi\u00e9n recopila, almacena, utiliza y procesa los datos personales antes mencionados y los datos adicionales que se describen a continuaci\u00f3n:<\/span><\/p>\r\n<p>&nbsp;<\/p>\r\n<ol>\r\n<li><span style=\"font-weight: 400;\">b) para el env\u00edo (por correo ordinario, correo electr\u00f3nico, sms y mms, redes sociales) de comunicaciones informativas y promocionales, newsletters sobre las iniciativas y eventos organizados por Vine Master Pruners, incluidas las invitaciones a dichos eventos, y cuestionarios para medir el grado de satisfacci\u00f3n con los servicios ofrecidos.<\/span><\/li>\r\n<\/ol>\r\n<p><span style=\"font-weight: 400;\"><br \/><\/span><span style=\"font-weight: 400;\">El suministro de datos para los fines mencionados en el punto a) es obligatorio y, en caso de negativa, PREPARATORI D\u2019UVA no podr\u00e1 llevar a cabo los servicios contractuales solicitados.<\/span><\/p>\r\n<p><span style=\"font-weight: 400;\">El suministro de datos para los fines mencionados en el punto b) es libre y opcional y est\u00e1 sujeto a su consentimiento. Por tanto, cualquier negativa a facilitar tales datos no permitir\u00e1 a PREPARATORI D\u2019UVA perseguir esta finalidad y supondr\u00e1, en particular, \u00fanicamente la imposibilidad de recibir informaci\u00f3n o material publicitario y no afectar\u00e1 a la prestaci\u00f3n del servicio solicitado. Tiene derecho en cualquier momento y de forma gratuita a oponerse a este tratamiento con fines comerciales, tanto respecto del tratamiento inicial como de cualquier tratamiento posterior.<\/span><\/p>\r\n<p><span style=\"font-weight: 400;\">No le pediremos que proporcione datos pertenecientes a categor\u00edas particulares (&#8220;sensibles&#8221;), como datos sobre raza, etnia, opiniones pol\u00edticas, creencias religiosas o filos\u00f3ficas, etc.).<\/span><\/p>\r\n<ol start=\"3\">\r\n<li><span style=\"font-weight: 400;\"><br \/><\/span><b> Condiciones aplicables al consentimiento de los menores<\/b><\/li>\r\n<\/ol>\r\n<p><span style=\"font-weight: 400;\">El tratamiento de datos personales de menores es l\u00edcito si el menor tiene al menos 16 a\u00f1os. Si el menor es menor de 16 a\u00f1os, dicho procesamiento es l\u00edcito solo si y en la medida en que dicho consentimiento sea otorgado o autorizado por el titular de la patria potestad.<\/span><\/p>\r\n<p><span style=\"font-weight: 400;\">Si tenemos motivos para creer que uno de nuestros usuarios es menor de 16 a\u00f1os y que hemos obtenido sus datos personales sin el debido consentimiento, eliminaremos esos datos en breve.<\/span><\/p>\r\n<ol start=\"4\">\r\n<li><span style=\"font-weight: 400;\"><br \/><\/span><b> \u00bfSobre qu\u00e9 base legal tratamos sus datos?<\/b><\/li>\r\n<\/ol>\r\n<p><span style=\"font-weight: 400;\">El procesamiento de sus datos personales se basa en uno o m\u00e1s de los siguientes fundamentos legales:<\/span><\/p>\r\n<p><span style=\"font-weight: 400;\">\u2013 Servicios contractuales: Su solicitud de servicios contractuales har\u00e1 necesario el tratamiento de los datos personales facilitados;<\/span><\/p>\r\n<p><span style=\"font-weight: 400;\">\u2013 Consentimiento: Solicitamos su consentimiento para proporcionar datos de contacto para el env\u00edo de comunicaciones comerciales y promocionales y boletines (fines de marketing);<\/span><\/p>\r\n<p><span style=\"font-weight: 400;\">\u2013 Obligaciones legales: cuando sea necesario, procesaremos sus datos personales para cumplir con una obligaci\u00f3n legal, incluidas las obligaciones contables y fiscales;<\/span><\/p>\r\n<p><span style=\"font-weight: 400;\">\u2013 Intereses leg\u00edtimos: En la medida en que nuestro uso no perjudique sus derechos, recopilaremos y trataremos sus datos personales cuando tengamos un inter\u00e9s leg\u00edtimo \u00fatil a efectos de tutela judicial y la protecci\u00f3n de nuestros servicios.<\/span><\/p>\r\n<ol start=\"5\">\r\n<li><span style=\"font-weight: 400;\"><br \/><\/span><b> \u00bfCu\u00e1les son los m\u00e9todos para procesar sus datos personales?<\/b><\/li>\r\n<\/ol>\r\n<p><b>\u00a0<\/b><\/p>\r\n<p><span style=\"font-weight: 400;\">El tratamiento se realiza de forma manual, tanto en formato digital como en papel y consiste en la recogida, registro, ordenaci\u00f3n, conservaci\u00f3n, consulta, tratamiento, modificaci\u00f3n, selecci\u00f3n, extracci\u00f3n, comparaci\u00f3n, uso, interconexi\u00f3n, bloqueo, comunicaci\u00f3n, cancelaci\u00f3n y destrucci\u00f3n de datos .<\/span><\/p>\r\n<p><span style=\"font-weight: 400;\">PREPARATORI D\u2019UVA no adopta ning\u00fan proceso automatizado de toma de decisiones, incluida la elaboraci\u00f3n de perfiles.<\/span><\/p>\r\n<ol start=\"6\">\r\n<li><span style=\"font-weight: 400;\"><br \/><\/span><b> Retenci\u00f3n de datos (\u00bfCu\u00e1nto tiempo conservamos los datos?)<\/b><\/li>\r\n<\/ol>\r\n<p><span style=\"font-weight: 400;\">El almacenamiento de los datos personales se realizar\u00e1 en soporte papel y\/o electr\u00f3nico\/inform\u00e1tico y durante el tiempo estrictamente necesario para cumplir con las finalidades antes se\u00f1aladas, de conformidad con la normativa vigente.<\/span><\/p>\r\n<p><span style=\"font-weight: 400;\">Con fines de marketing, conservamos sus datos durante un per\u00edodo m\u00e1ximo de 8 a\u00f1os, a menos que una disposici\u00f3n legal o reglamentaria dictada con posterioridad establezca lo contrario.<\/span><\/p>\r\n<p><span style=\"font-weight: 400;\">Los datos de contacto de correo electr\u00f3nico para el env\u00edo de la newsletter se conservar\u00e1n hasta que el interesado revoque el consentimiento.<\/span><\/p>\r\n<p><span style=\"font-weight: 400;\">Las facturas, los documentos contables y los datos de las transacciones se conservan durante 10 a\u00f1os de conformidad con la ley (incluidas las obligaciones fiscales). En el caso de ejercer el \u201cderecho al olvido\u201d mediante solicitud de cancelaci\u00f3n expresa de los datos personales tratados por el responsable del tratamiento, le recordamos que los datos adquiridos en soportes electr\u00f3nicos ser\u00e1n conservados, de forma protegida y con acceso limitado, con la \u00fanica finalidad de determinar y reprimir delitos, durante un plazo no superior a 12 meses desde la fecha de la solicitud y, posteriormente, ser\u00e1n borrados de forma segura o anonimizados de forma irreversible.<\/span><\/p>\r\n<ol start=\"7\">\r\n<li><span style=\"font-weight: 400;\"><br \/><\/span><b> Comunicaci\u00f3n de datos (\u00bfCon qui\u00e9n compartimos sus datos personales?)<\/b><\/li>\r\n<\/ol>\r\n<p><span style=\"font-weight: 400;\">Los datos personales solo pueden ser revelados a personas designadas espec\u00edficamente autorizadas para el procesamiento y provistas de instrucciones para el correcto procesamiento de datos personales, tambi\u00e9n verbalmente.<\/span><\/p>\r\n<p><span style=\"font-weight: 400;\">El Responsable del Tratamiento de datos personales encomienda algunas partes del tratamiento de datos a sujetos externos a su estructura, que, en el contexto de su actividad profesional, son Encargados del Tratamiento y han declarado cumplir con la legislaci\u00f3n sobre protecci\u00f3n de datos personales. El nombre relacionado est\u00e1 disponible a simple solicitud del interesado. El procesamiento subcontratado se refiere al cumplimiento de las obligaciones contables, fiscales y tributarias (contadores p\u00fablicos) y administrativas, hardware, software y servicios de asistencia web, alojamiento y gesti\u00f3n de boletines. Si los sujetos externos no fueran designados como procesadores de datos, operar\u00edan como controladores de datos independientes y, como tales, estar\u00edan sujetos a las disposiciones de la ley. Los datos personales no est\u00e1n sujetos a divulgaci\u00f3n.<\/span><\/p>\r\n<p><span style=\"font-weight: 400;\">TRANSFERENCIA DE DATOS AL EXTRANJERO \u2013 No est\u00e1 previsto el procesamiento de datos fuera de Italia. En el caso de transferencia de datos personales a pa\u00edses miembros de la Uni\u00f3n Europea o a pa\u00edses terceros respecto de los de la Uni\u00f3n Europea, se comunicar\u00e1 al interesado si existe o no una decisi\u00f3n de adecuaci\u00f3n por parte de la Comisi\u00f3n de la UE.<\/span><\/p>\r\n<ol start=\"8\">\r\n<li><span style=\"font-weight: 400;\"><br \/><\/span><b> \u00bfC\u00f3mo protegemos sus datos?<\/b><\/li>\r\n<\/ol>\r\n<p><span style=\"font-weight: 400;\">Todos los datos personales ser\u00e1n tratados en total conformidad con el Reglamento UE 2016\/679 y con las disposiciones normativas adicionales sobre protecci\u00f3n de datos personales y medidas de seguridad de forma que se garantice su confidencialidad y seguridad y con una l\u00f3gica estrictamente relacionada con las finalidades mencionadas anteriormente.<\/span><\/p>\r\n<p><span style=\"font-weight: 400;\">En cualquier caso, nos adherimos a las pr\u00e1cticas est\u00e1ndar de la industria para proteger sus datos personales contra el acceso no autorizado, la alteraci\u00f3n, la divulgaci\u00f3n, el uso indebido o la destrucci\u00f3n.<\/span><\/p>\r\n<ol start=\"9\">\r\n<li><span style=\"font-weight: 400;\"><br \/><\/span><b> Cu\u00e1les son, en resumen, los DERECHOS DEL PARTICULAR:<\/b><\/li>\r\n<\/ol>\r\n<p><span style=\"font-weight: 400;\">El interesado puede acceder a los datos personales facilitados y ejercer en todo momento los siguientes derechos: a) solicitar la confirmaci\u00f3n de la existencia de sus datos personales; b) obtener informaci\u00f3n sobre las finalidades del tratamiento, los destinatarios o categor\u00edas de destinatarios a los que se han comunicado o se comunicar\u00e1n los datos personales y, cuando sea posible, el plazo de conservaci\u00f3n; c) oponerse al tratamiento en cualquier momento y tambi\u00e9n en el caso de tratamiento con fines de marketing directo; d) oponerse a un proceso de toma de decisiones automatizadas relativas a personas f\u00edsicas, incluida la elaboraci\u00f3n de perfiles, e) solicitar al responsable del tratamiento el acceso a sus datos personales y la rectificaci\u00f3n o cancelaci\u00f3n de los mismos o la limitaci\u00f3n del tratamiento u oponerse a su tratamiento, adem\u00e1s del derecho a la portabilidad de datos; f) retirar el consentimiento en cualquier momento sin perjuicio de la licitud del tratamiento basado en el consentimiento prestado antes de dicha revocaci\u00f3n; g) presentar una queja ante la Autoridad de Privacidad \u2013 www.garanteprivacy.it.<\/span><\/p>\r\n<p><span style=\"font-weight: 400;\">Los derechos antes mencionados se pueden ejercer presentando una solicitud por escrito a PREPARATORI D\u2019UVA S.r.l., con sede en Via Papa Giovanni XXIII 62, 33040 Corno di Rosazzo (UD) \u2013 Italia o por correo electr\u00f3nico a <\/span><span style=\"font-weight: 400;\">info@vinemasterpruners.it<\/span><span style=\"font-weight: 400;\">.<\/span><\/p>\r\n<p><span style=\"font-weight: 400;\">EL RESPONSABLE DEL TRATAMIENTO<\/span><\/p>\r\n<p><span style=\"font-weight: 400;\">PREPARATORI D\u2019UVA S.r.l.<\/span><\/p>\r\n<p><span style=\"font-weight: 400;\">Informaci\u00f3n actualizada el 14 de enero de 2021<\/span><\/p>\r\n<p><br style=\"font-weight: 400;\" \/><br style=\"font-weight: 400;\" \/><br \/><\/p>\r\n<\/div>","protected":false},"excerpt":{"rendered":"<p>INFORMACI\u00d3N SOBRE EL TRATAMIENTO DE DATOS PERSONALES A los efectos previstos por el Reglamento de la UE n. 2016\/679 relativa a la protecci\u00f3n de las&hellip;<\/p>\n","protected":false},"author":1,"featured_media":0,"parent":0,"menu_order":0,"comment_status":"closed","ping_status":"open","template":"","meta":{"footnotes":""},"class_list":["post-3781","page","type-page","status-publish","hentry"],"acf":[],"yoast_head":"<!-- This site is optimized with the Yoast SEO plugin v27.3 - https:\/\/yoast.com\/product\/yoast-seo-wordpress\/ -->\n<title>Pol\u00edtica de Privacidad - Simonit &amp; Sirch Academy Usa<\/title>\n<meta name=\"description\" content=\"Privacy Policy Vine Master Pruners. INFORMATIVA SUL TRATTAMENTO DEI DATI PERSONALI.\" \/>\n<meta name=\"robots\" content=\"index, follow, max-snippet:-1, max-image-preview:large, max-video-preview:-1\" \/>\n<link rel=\"canonical\" href=\"https:\/\/simonitesirchacademy.com\/us\/privacy-policy\/\" \/>\n<meta property=\"og:locale\" content=\"es_ES\" \/>\n<meta property=\"og:type\" content=\"article\" \/>\n<meta property=\"og:title\" content=\"Pol\u00edtica de Privacidad - Simonit &amp; Sirch Academy Usa\" \/>\n<meta property=\"og:description\" content=\"Privacy Policy Vine Master Pruners. INFORMATIVA SUL TRATTAMENTO DEI DATI PERSONALI.\" \/>\n<meta property=\"og:url\" content=\"https:\/\/simonitesirchacademy.com\/us\/privacy-policy\/\" \/>\n<meta property=\"og:site_name\" content=\"Simonit &amp; Sirch Academy Usa\" \/>\n<meta property=\"article:publisher\" content=\"https:\/\/www.facebook.com\/VINEMASTERPRUNERSACADEMY\" \/>\n<meta property=\"article:modified_time\" content=\"2023-09-06T17:02:55+00:00\" \/>\n<meta name=\"twitter:card\" content=\"summary_large_image\" \/>\n<meta name=\"twitter:label1\" content=\"Tiempo de lectura\" \/>\n\t<meta name=\"twitter:data1\" content=\"8 minutos\" \/>\n<script type=\"application\/ld+json\" class=\"yoast-schema-graph\">{\"@context\":\"https:\\\/\\\/schema.org\",\"@graph\":[{\"@type\":\"WebPage\",\"@id\":\"https:\\\/\\\/simonitesirchacademy.com\\\/us\\\/privacy-policy\\\/\",\"url\":\"https:\\\/\\\/simonitesirchacademy.com\\\/us\\\/privacy-policy\\\/\",\"name\":\"Pol\u00edtica de Privacidad - Simonit & Sirch Academy Usa\",\"isPartOf\":{\"@id\":\"https:\\\/\\\/simonitesirchacademy.com\\\/us\\\/#website\"},\"datePublished\":\"2020-08-26T09:55:03+00:00\",\"dateModified\":\"2023-09-06T17:02:55+00:00\",\"description\":\"Privacy Policy Vine Master Pruners. INFORMATIVA SUL TRATTAMENTO DEI DATI PERSONALI.\",\"breadcrumb\":{\"@id\":\"https:\\\/\\\/simonitesirchacademy.com\\\/us\\\/privacy-policy\\\/#breadcrumb\"},\"inLanguage\":\"es\",\"potentialAction\":[{\"@type\":\"ReadAction\",\"target\":[\"https:\\\/\\\/simonitesirchacademy.com\\\/us\\\/privacy-policy\\\/\"]}]},{\"@type\":\"BreadcrumbList\",\"@id\":\"https:\\\/\\\/simonitesirchacademy.com\\\/us\\\/privacy-policy\\\/#breadcrumb\",\"itemListElement\":[{\"@type\":\"ListItem\",\"position\":1,\"name\":\"Home\",\"item\":\"https:\\\/\\\/simonitesirchacademy.com\\\/us\\\/es\\\/\"},{\"@type\":\"ListItem\",\"position\":2,\"name\":\"Pol\u00edtica de Privacidad\"}]},{\"@type\":\"WebSite\",\"@id\":\"https:\\\/\\\/simonitesirchacademy.com\\\/us\\\/#website\",\"url\":\"https:\\\/\\\/simonitesirchacademy.com\\\/us\\\/\",\"name\":\"Simonit & Sirch Academy Usa\",\"description\":\"\",\"publisher\":{\"@id\":\"https:\\\/\\\/simonitesirchacademy.com\\\/us\\\/#organization\"},\"potentialAction\":[{\"@type\":\"SearchAction\",\"target\":{\"@type\":\"EntryPoint\",\"urlTemplate\":\"https:\\\/\\\/simonitesirchacademy.com\\\/us\\\/?s={search_term_string}\"},\"query-input\":{\"@type\":\"PropertyValueSpecification\",\"valueRequired\":true,\"valueName\":\"search_term_string\"}}],\"inLanguage\":\"es\"},{\"@type\":\"Organization\",\"@id\":\"https:\\\/\\\/simonitesirchacademy.com\\\/us\\\/#organization\",\"name\":\"Simonit & Sirch Academy Usa\",\"url\":\"https:\\\/\\\/simonitesirchacademy.com\\\/us\\\/\",\"logo\":{\"@type\":\"ImageObject\",\"inLanguage\":\"es\",\"@id\":\"https:\\\/\\\/simonitesirchacademy.com\\\/us\\\/#\\\/schema\\\/logo\\\/image\\\/\",\"url\":\"https:\\\/\\\/simonitesirchacademy.com\\\/us\\\/wp-content\\\/uploads\\\/sites\\\/4\\\/2023\\\/09\\\/simonit-vmp.svg\",\"contentUrl\":\"https:\\\/\\\/simonitesirchacademy.com\\\/us\\\/wp-content\\\/uploads\\\/sites\\\/4\\\/2023\\\/09\\\/simonit-vmp.svg\",\"width\":163,\"height\":84,\"caption\":\"Simonit & Sirch Academy Usa\"},\"image\":{\"@id\":\"https:\\\/\\\/simonitesirchacademy.com\\\/us\\\/#\\\/schema\\\/logo\\\/image\\\/\"},\"sameAs\":[\"https:\\\/\\\/www.facebook.com\\\/VINEMASTERPRUNERSACADEMY\",\"https:\\\/\\\/www.instagram.com\\\/vinemasterprunersacademy\\\/\",\"https:\\\/\\\/www.linkedin.com\\\/company\\\/simonit-sirch\\\/\",\"https:\\\/\\\/www.youtube.com\\\/@simonitesirch\"]}]}<\/script>\n<!-- \/ Yoast SEO plugin. -->","yoast_head_json":{"title":"Pol\u00edtica de Privacidad - Simonit & Sirch Academy Usa","description":"Privacy Policy Vine Master Pruners. INFORMATIVA SUL TRATTAMENTO DEI DATI PERSONALI.","robots":{"index":"index","follow":"follow","max-snippet":"max-snippet:-1","max-image-preview":"max-image-preview:large","max-video-preview":"max-video-preview:-1"},"canonical":"https:\/\/simonitesirchacademy.com\/us\/privacy-policy\/","og_locale":"es_ES","og_type":"article","og_title":"Pol\u00edtica de Privacidad - Simonit & Sirch Academy Usa","og_description":"Privacy Policy Vine Master Pruners. INFORMATIVA SUL TRATTAMENTO DEI DATI PERSONALI.","og_url":"https:\/\/simonitesirchacademy.com\/us\/privacy-policy\/","og_site_name":"Simonit & Sirch Academy Usa","article_publisher":"https:\/\/www.facebook.com\/VINEMASTERPRUNERSACADEMY","article_modified_time":"2023-09-06T17:02:55+00:00","twitter_card":"summary_large_image","twitter_misc":{"Tiempo de lectura":"8 minutos"},"schema":{"@context":"https:\/\/schema.org","@graph":[{"@type":"WebPage","@id":"https:\/\/simonitesirchacademy.com\/us\/privacy-policy\/","url":"https:\/\/simonitesirchacademy.com\/us\/privacy-policy\/","name":"Pol\u00edtica de Privacidad - Simonit & Sirch Academy Usa","isPartOf":{"@id":"https:\/\/simonitesirchacademy.com\/us\/#website"},"datePublished":"2020-08-26T09:55:03+00:00","dateModified":"2023-09-06T17:02:55+00:00","description":"Privacy Policy Vine Master Pruners. INFORMATIVA SUL TRATTAMENTO DEI DATI PERSONALI.","breadcrumb":{"@id":"https:\/\/simonitesirchacademy.com\/us\/privacy-policy\/#breadcrumb"},"inLanguage":"es","potentialAction":[{"@type":"ReadAction","target":["https:\/\/simonitesirchacademy.com\/us\/privacy-policy\/"]}]},{"@type":"BreadcrumbList","@id":"https:\/\/simonitesirchacademy.com\/us\/privacy-policy\/#breadcrumb","itemListElement":[{"@type":"ListItem","position":1,"name":"Home","item":"https:\/\/simonitesirchacademy.com\/us\/es\/"},{"@type":"ListItem","position":2,"name":"Pol\u00edtica de Privacidad"}]},{"@type":"WebSite","@id":"https:\/\/simonitesirchacademy.com\/us\/#website","url":"https:\/\/simonitesirchacademy.com\/us\/","name":"Simonit & Sirch Academy Usa","description":"","publisher":{"@id":"https:\/\/simonitesirchacademy.com\/us\/#organization"},"potentialAction":[{"@type":"SearchAction","target":{"@type":"EntryPoint","urlTemplate":"https:\/\/simonitesirchacademy.com\/us\/?s={search_term_string}"},"query-input":{"@type":"PropertyValueSpecification","valueRequired":true,"valueName":"search_term_string"}}],"inLanguage":"es"},{"@type":"Organization","@id":"https:\/\/simonitesirchacademy.com\/us\/#organization","name":"Simonit & Sirch Academy Usa","url":"https:\/\/simonitesirchacademy.com\/us\/","logo":{"@type":"ImageObject","inLanguage":"es","@id":"https:\/\/simonitesirchacademy.com\/us\/#\/schema\/logo\/image\/","url":"https:\/\/simonitesirchacademy.com\/us\/wp-content\/uploads\/sites\/4\/2023\/09\/simonit-vmp.svg","contentUrl":"https:\/\/simonitesirchacademy.com\/us\/wp-content\/uploads\/sites\/4\/2023\/09\/simonit-vmp.svg","width":163,"height":84,"caption":"Simonit & Sirch Academy Usa"},"image":{"@id":"https:\/\/simonitesirchacademy.com\/us\/#\/schema\/logo\/image\/"},"sameAs":["https:\/\/www.facebook.com\/VINEMASTERPRUNERSACADEMY","https:\/\/www.instagram.com\/vinemasterprunersacademy\/","https:\/\/www.linkedin.com\/company\/simonit-sirch\/","https:\/\/www.youtube.com\/@simonitesirch"]}]}},"_links":{"self":[{"href":"https:\/\/simonitesirchacademy.com\/us\/es\/wp-json\/wp\/v2\/pages\/3781","targetHints":{"allow":["GET"]}}],"collection":[{"href":"https:\/\/simonitesirchacademy.com\/us\/es\/wp-json\/wp\/v2\/pages"}],"about":[{"href":"https:\/\/simonitesirchacademy.com\/us\/es\/wp-json\/wp\/v2\/types\/page"}],"author":[{"embeddable":true,"href":"https:\/\/simonitesirchacademy.com\/us\/es\/wp-json\/wp\/v2\/users\/1"}],"replies":[{"embeddable":true,"href":"https:\/\/simonitesirchacademy.com\/us\/es\/wp-json\/wp\/v2\/comments?post=3781"}],"version-history":[{"count":0,"href":"https:\/\/simonitesirchacademy.com\/us\/es\/wp-json\/wp\/v2\/pages\/3781\/revisions"}],"wp:attachment":[{"href":"https:\/\/simonitesirchacademy.com\/us\/es\/wp-json\/wp\/v2\/media?parent=3781"}],"curies":[{"name":"wp","href":"https:\/\/api.w.org\/{rel}","templated":true}]}}