{"id":3690,"date":"2022-01-19T13:46:23","date_gmt":"2022-01-19T11:46:23","guid":{"rendered":"https:\/\/simonitesirchacademy.com\/us\/prodotto\/paquete-guyot-cordon-permanente-vine-pruner-advanced\/"},"modified":"2023-09-08T19:05:50","modified_gmt":"2023-09-08T17:05:50","slug":"paquete-guyot-cordon-permanente-vine-pruner-advanced","status":"publish","type":"product","link":"https:\/\/simonitesirchacademy.com\/us\/es\/prodotto\/paquete-guyot-cordon-permanente-vine-pruner-advanced\/","title":{"rendered":"Paquete Guyot + Cord\u00f3n"},"content":{"rendered":"<p class=\"p1\">Este completo paquete te permite inscribirte en todos los cursos dedicados a Guyot y Cord\u00f3n Permanente a un precio especial, e incluye:<\/p>\n<ul class=\"ul1\">\n<li class=\"li1\">todas las lecciones de los cuatro cursos dedicados a los sistemas de entrenamiento Guyot + Cordon Permanente<\/li>\n<li class=\"li1\">Videotutorial Masterclass de Marco Simonit.<\/li>\n<li class=\"li1\">acceso a las Escuelas de Poda de Campo y de Examen (se compran por separado)<\/li>\n<\/ul>\n<p class=\"p1\"><strong><span class=\"s2\">Vine Pruner Guyot\u00a0Guyot + Cord\u00f3n Permanente<br \/>\n<\/span><\/strong>Despu\u00e9s de completar el curso Vine Pruner Guyot + Cord\u00f3n Permanente, aprender\u00e1 a observar cr\u00edticamente la vid, su fisiolog\u00eda y c\u00f3mo reacciona a los cortes de poda. Conocer\u00e1s los sistemas tradicionales de poda destinados a controlar el desarrollo de la vid y sus consecuencias.<\/p>\n<p class=\"p1\">Tambi\u00e9n aprender\u00e1s los fundamentos de la Poda SIMONIT&amp;SIRCH aplicada a Guyot + Cord\u00f3n Permanente.<\/p>\n<p><strong><a href=\"https:\/\/www.vinemasterpruners.com\/es\/courses\/curso-vine-pruner-guyot-cordon-permanente\/\" target=\"_blank\" rel=\"noopener\">LEER M\u00c1S SOBRE ESTE CURSO<\/a><\/strong><\/p>\n<p><strong>V<span class=\"s2\">INE PRUNER ADVANCED\u00a0Guyot + Cord\u00f3n Permanente<\/span><\/strong><br \/>\nCon el curso Vine Pruner Advanced Guyot + Cord\u00f3n Permanente aprender\u00e1s a manejar el desarrollo de las plantas desde las primeras etapas de crecimiento hasta una edad avanzada.<\/p>\n<p class=\"p1\">Aprender\u00e1s a aplicar los principios de la Poda SIMONIT&amp;SIRCH que promueve la ramificaci\u00f3n, con un enfoque detallado en las tres fases del desarrollo de una planta de vid:<\/p>\n<p class=\"p1\">Formaci\u00f3n de esqueje injertado y formaci\u00f3n del tronco.<\/p>\n<p class=\"p1\">Montaje de la ramificaci\u00f3n de Guyot y cord\u00f3n horizontal, mono y bilateral<\/p>\n<p class=\"p1\">Desarrollo de la ramificaci\u00f3n y su gesti\u00f3n.<\/p>\n<p class=\"p1\">La duraci\u00f3n total del curso VINE PRUNER ADVANCED Guyot + Cord\u00f3n Permanente es de unas 5,5 horas. Incluye 20 video lecciones y 14 video tutoriales \u201cMasterClass\u201d con Marco Simonit.<br \/>\n<span class=\"s3\"><i>&gt; leer m\u00e1s sobre este curso<\/i><\/span><\/p>\n<p class=\"p1\">\u00a1Las escuelas de poda y el examen Vine Pruner Advanced no est\u00e1n incluidos en el paquete, pero pueden adquirirse por separado<\/p>\n<p><strong><a href=\"https:\/\/www.vinemasterpruners.com\/es\/courses\/guyot-cordon-permanente-vine-pruner-advanced\/\" target=\"_blank\" rel=\"noopener\">LEER M\u00c1S SOBRE ESTE CURSO<\/a><\/strong><\/p>\n<p><span style=\"font-weight: 400;\">\u00a1Atenci\u00f3n! La sesi\u00f3n pr\u00e1ctica y el examen del curso VINE PRUNER ADVANCED no est\u00e1n incluidos en el Paquete, pero deben comprarse por separado en la secci\u00f3n <\/span><strong><a href=\"https:\/\/www.vinemasterpruners.com\/es\/examenes-certificados\/\" target=\"_blank\" rel=\"noopener\">Ex\u00e1menes y Certificaciones<\/a><\/strong><\/p>\n<p>&nbsp;<\/p>\n","protected":false},"excerpt":{"rendered":"<p><span style=\"font-weight: 400;\">Ideal para aquellos que deseen especializarse en ambos sistemas de entrenamiento.<\/span><\/p>\n<p><span style=\"font-weight: 400;\">Este completo paquete te permite inscribirte en todos los cursos dedicados a Guyot y Cord\u00f3n Permanente a un precio especial, e incluye:\u00a0<\/span><\/p>\n<p><span style=\"font-weight: 400;\">\u2013 <\/span><span style=\"font-weight: 400;\">todas las lecciones de los cuatro cursos dedicados a los sistemas de entrenamiento Guyot + Cordon Permanente<\/span><\/p>\n<p><span style=\"font-weight: 400;\">\u2013 acceso a dos formaciones virtuales (poda de invierno y selecci\u00f3n de brotes de primavera)<\/span><\/p>\n<p><span style=\"font-weight: 400;\">\u2013 Videotutorial Masterclass de Marco Simonit.<\/span><\/p>\n<p>&nbsp;<\/p>\n<p><span style=\"font-weight: 400;\">La superaci\u00f3n de las pruebas en l\u00ednea le da derecho a recibir su certificado VINE PRUNER Guyot + Cordon Permanente que le permite acceder a las sesiones de formaci\u00f3n pr\u00e1ctica en el vi\u00f1edo y a los ex\u00e1menes (a adquirir por separado).<\/span><\/p>\n<p><span style=\"font-weight: 400;\">Aprobar con \u00e9xito el examen pr\u00e1ctico le da derecho a recibir el certificado VINE PRUNER ADVANCED Guyot + Cordon Permanente.<\/span><\/p>\n","protected":false},"featured_media":3691,"template":"","meta":[],"product_brand":[],"product_cat":[136],"product_tag":[],"class_list":{"0":"post-3690","1":"product","2":"type-product","3":"status-publish","4":"has-post-thumbnail","6":"product_cat-pack-es","8":"first","9":"instock","10":"sale","11":"sold-individually","12":"taxable","13":"shipping-taxable","14":"purchasable","15":"product-type-woosb"},"acf":[],"yoast_head":"<!-- This site is optimized with the Yoast SEO plugin v27.3 - https:\/\/yoast.com\/product\/yoast-seo-wordpress\/ -->\n<title>Paquete Guyot + Cord\u00f3n - Simonit &amp; Sirch Academy Usa<\/title>\n<meta name=\"description\" content=\"Paquete Guyot + Cord\u00f3n Permanente Vine Pruner + Advanced\" \/>\n<meta name=\"robots\" content=\"index, follow, max-snippet:-1, max-image-preview:large, max-video-preview:-1\" \/>\n<link rel=\"canonical\" href=\"https:\/\/simonitesirchacademy.com\/us\/es\/prodotto\/paquete-guyot-cordon-permanente-vine-pruner-advanced\/\" \/>\n<meta property=\"og:locale\" content=\"es_ES\" \/>\n<meta property=\"og:type\" content=\"article\" \/>\n<meta property=\"og:title\" content=\"Paquete Guyot + Cord\u00f3n - Simonit &amp; Sirch Academy Usa\" \/>\n<meta property=\"og:description\" content=\"Paquete Guyot + Cord\u00f3n Permanente Vine Pruner + Advanced\" \/>\n<meta property=\"og:url\" content=\"https:\/\/simonitesirchacademy.com\/us\/es\/prodotto\/paquete-guyot-cordon-permanente-vine-pruner-advanced\/\" \/>\n<meta property=\"og:site_name\" content=\"Simonit &amp; Sirch Academy Usa\" \/>\n<meta property=\"article:publisher\" content=\"https:\/\/www.facebook.com\/VINEMASTERPRUNERSACADEMY\" \/>\n<meta property=\"article:modified_time\" content=\"2023-09-08T17:05:50+00:00\" \/>\n<meta property=\"og:image\" content=\"https:\/\/simonitesirchacademy.com\/us\/wp-content\/uploads\/sites\/4\/2023\/09\/Pack_guyot-cordone-1.jpg\" \/>\n\t<meta property=\"og:image:width\" content=\"1200\" \/>\n\t<meta property=\"og:image:height\" content=\"1500\" \/>\n\t<meta property=\"og:image:type\" content=\"image\/jpeg\" \/>\n<meta name=\"twitter:card\" content=\"summary_large_image\" \/>\n<meta name=\"twitter:label1\" content=\"Tiempo de lectura\" \/>\n\t<meta name=\"twitter:data1\" content=\"2 minutos\" \/>\n<script type=\"application\/ld+json\" class=\"yoast-schema-graph\">{\"@context\":\"https:\\\/\\\/schema.org\",\"@graph\":[{\"@type\":\"WebPage\",\"@id\":\"https:\\\/\\\/simonitesirchacademy.com\\\/us\\\/es\\\/prodotto\\\/paquete-guyot-cordon-permanente-vine-pruner-advanced\\\/\",\"url\":\"https:\\\/\\\/simonitesirchacademy.com\\\/us\\\/es\\\/prodotto\\\/paquete-guyot-cordon-permanente-vine-pruner-advanced\\\/\",\"name\":\"Paquete Guyot + Cord\u00f3n - Simonit & Sirch Academy Usa\",\"isPartOf\":{\"@id\":\"https:\\\/\\\/simonitesirchacademy.com\\\/us\\\/#website\"},\"primaryImageOfPage\":{\"@id\":\"https:\\\/\\\/simonitesirchacademy.com\\\/us\\\/es\\\/prodotto\\\/paquete-guyot-cordon-permanente-vine-pruner-advanced\\\/#primaryimage\"},\"image\":{\"@id\":\"https:\\\/\\\/simonitesirchacademy.com\\\/us\\\/es\\\/prodotto\\\/paquete-guyot-cordon-permanente-vine-pruner-advanced\\\/#primaryimage\"},\"thumbnailUrl\":\"https:\\\/\\\/simonitesirchacademy.com\\\/us\\\/wp-content\\\/uploads\\\/sites\\\/4\\\/2023\\\/09\\\/Pack_guyot-cordone-1.jpg\",\"datePublished\":\"2022-01-19T11:46:23+00:00\",\"dateModified\":\"2023-09-08T17:05:50+00:00\",\"description\":\"Paquete Guyot + Cord\u00f3n Permanente Vine Pruner + Advanced\",\"breadcrumb\":{\"@id\":\"https:\\\/\\\/simonitesirchacademy.com\\\/us\\\/es\\\/prodotto\\\/paquete-guyot-cordon-permanente-vine-pruner-advanced\\\/#breadcrumb\"},\"inLanguage\":\"es\",\"potentialAction\":[{\"@type\":\"ReadAction\",\"target\":[\"https:\\\/\\\/simonitesirchacademy.com\\\/us\\\/es\\\/prodotto\\\/paquete-guyot-cordon-permanente-vine-pruner-advanced\\\/\"]}]},{\"@type\":\"ImageObject\",\"inLanguage\":\"es\",\"@id\":\"https:\\\/\\\/simonitesirchacademy.com\\\/us\\\/es\\\/prodotto\\\/paquete-guyot-cordon-permanente-vine-pruner-advanced\\\/#primaryimage\",\"url\":\"https:\\\/\\\/simonitesirchacademy.com\\\/us\\\/wp-content\\\/uploads\\\/sites\\\/4\\\/2023\\\/09\\\/Pack_guyot-cordone-1.jpg\",\"contentUrl\":\"https:\\\/\\\/simonitesirchacademy.com\\\/us\\\/wp-content\\\/uploads\\\/sites\\\/4\\\/2023\\\/09\\\/Pack_guyot-cordone-1.jpg\",\"width\":1200,\"height\":1500},{\"@type\":\"BreadcrumbList\",\"@id\":\"https:\\\/\\\/simonitesirchacademy.com\\\/us\\\/es\\\/prodotto\\\/paquete-guyot-cordon-permanente-vine-pruner-advanced\\\/#breadcrumb\",\"itemListElement\":[{\"@type\":\"ListItem\",\"position\":1,\"name\":\"Home\",\"item\":\"https:\\\/\\\/simonitesirchacademy.com\\\/us\\\/es\\\/\"},{\"@type\":\"ListItem\",\"position\":2,\"name\":\"Shop\",\"item\":\"https:\\\/\\\/simonitesirchacademy.com\\\/us\\\/?page_id=5\"},{\"@type\":\"ListItem\",\"position\":3,\"name\":\"Paquete Guyot + Cord\u00f3n\"}]},{\"@type\":\"WebSite\",\"@id\":\"https:\\\/\\\/simonitesirchacademy.com\\\/us\\\/#website\",\"url\":\"https:\\\/\\\/simonitesirchacademy.com\\\/us\\\/\",\"name\":\"Simonit & Sirch Academy Usa\",\"description\":\"\",\"publisher\":{\"@id\":\"https:\\\/\\\/simonitesirchacademy.com\\\/us\\\/#organization\"},\"potentialAction\":[{\"@type\":\"SearchAction\",\"target\":{\"@type\":\"EntryPoint\",\"urlTemplate\":\"https:\\\/\\\/simonitesirchacademy.com\\\/us\\\/?s={search_term_string}\"},\"query-input\":{\"@type\":\"PropertyValueSpecification\",\"valueRequired\":true,\"valueName\":\"search_term_string\"}}],\"inLanguage\":\"es\"},{\"@type\":\"Organization\",\"@id\":\"https:\\\/\\\/simonitesirchacademy.com\\\/us\\\/#organization\",\"name\":\"Simonit & Sirch Academy Usa\",\"url\":\"https:\\\/\\\/simonitesirchacademy.com\\\/us\\\/\",\"logo\":{\"@type\":\"ImageObject\",\"inLanguage\":\"es\",\"@id\":\"https:\\\/\\\/simonitesirchacademy.com\\\/us\\\/#\\\/schema\\\/logo\\\/image\\\/\",\"url\":\"https:\\\/\\\/simonitesirchacademy.com\\\/us\\\/wp-content\\\/uploads\\\/sites\\\/4\\\/2023\\\/09\\\/simonit-vmp.svg\",\"contentUrl\":\"https:\\\/\\\/simonitesirchacademy.com\\\/us\\\/wp-content\\\/uploads\\\/sites\\\/4\\\/2023\\\/09\\\/simonit-vmp.svg\",\"width\":163,\"height\":84,\"caption\":\"Simonit & Sirch Academy Usa\"},\"image\":{\"@id\":\"https:\\\/\\\/simonitesirchacademy.com\\\/us\\\/#\\\/schema\\\/logo\\\/image\\\/\"},\"sameAs\":[\"https:\\\/\\\/www.facebook.com\\\/VINEMASTERPRUNERSACADEMY\",\"https:\\\/\\\/www.instagram.com\\\/vinemasterprunersacademy\\\/\",\"https:\\\/\\\/www.linkedin.com\\\/company\\\/simonit-sirch\\\/\",\"https:\\\/\\\/www.youtube.com\\\/@simonitesirch\"]}]}<\/script>\n<!-- \/ Yoast SEO plugin. -->","yoast_head_json":{"title":"Paquete Guyot + Cord\u00f3n - Simonit & Sirch Academy Usa","description":"Paquete Guyot + Cord\u00f3n Permanente Vine Pruner + Advanced","robots":{"index":"index","follow":"follow","max-snippet":"max-snippet:-1","max-image-preview":"max-image-preview:large","max-video-preview":"max-video-preview:-1"},"canonical":"https:\/\/simonitesirchacademy.com\/us\/es\/prodotto\/paquete-guyot-cordon-permanente-vine-pruner-advanced\/","og_locale":"es_ES","og_type":"article","og_title":"Paquete Guyot + Cord\u00f3n - Simonit & Sirch Academy Usa","og_description":"Paquete Guyot + Cord\u00f3n Permanente Vine Pruner + Advanced","og_url":"https:\/\/simonitesirchacademy.com\/us\/es\/prodotto\/paquete-guyot-cordon-permanente-vine-pruner-advanced\/","og_site_name":"Simonit & Sirch Academy Usa","article_publisher":"https:\/\/www.facebook.com\/VINEMASTERPRUNERSACADEMY","article_modified_time":"2023-09-08T17:05:50+00:00","og_image":[{"width":1200,"height":1500,"url":"https:\/\/simonitesirchacademy.com\/us\/wp-content\/uploads\/sites\/4\/2023\/09\/Pack_guyot-cordone-1.jpg","type":"image\/jpeg"}],"twitter_card":"summary_large_image","twitter_misc":{"Tiempo de lectura":"2 minutos"},"schema":{"@context":"https:\/\/schema.org","@graph":[{"@type":"WebPage","@id":"https:\/\/simonitesirchacademy.com\/us\/es\/prodotto\/paquete-guyot-cordon-permanente-vine-pruner-advanced\/","url":"https:\/\/simonitesirchacademy.com\/us\/es\/prodotto\/paquete-guyot-cordon-permanente-vine-pruner-advanced\/","name":"Paquete Guyot + Cord\u00f3n - Simonit & Sirch Academy Usa","isPartOf":{"@id":"https:\/\/simonitesirchacademy.com\/us\/#website"},"primaryImageOfPage":{"@id":"https:\/\/simonitesirchacademy.com\/us\/es\/prodotto\/paquete-guyot-cordon-permanente-vine-pruner-advanced\/#primaryimage"},"image":{"@id":"https:\/\/simonitesirchacademy.com\/us\/es\/prodotto\/paquete-guyot-cordon-permanente-vine-pruner-advanced\/#primaryimage"},"thumbnailUrl":"https:\/\/simonitesirchacademy.com\/us\/wp-content\/uploads\/sites\/4\/2023\/09\/Pack_guyot-cordone-1.jpg","datePublished":"2022-01-19T11:46:23+00:00","dateModified":"2023-09-08T17:05:50+00:00","description":"Paquete Guyot + Cord\u00f3n Permanente Vine Pruner + Advanced","breadcrumb":{"@id":"https:\/\/simonitesirchacademy.com\/us\/es\/prodotto\/paquete-guyot-cordon-permanente-vine-pruner-advanced\/#breadcrumb"},"inLanguage":"es","potentialAction":[{"@type":"ReadAction","target":["https:\/\/simonitesirchacademy.com\/us\/es\/prodotto\/paquete-guyot-cordon-permanente-vine-pruner-advanced\/"]}]},{"@type":"ImageObject","inLanguage":"es","@id":"https:\/\/simonitesirchacademy.com\/us\/es\/prodotto\/paquete-guyot-cordon-permanente-vine-pruner-advanced\/#primaryimage","url":"https:\/\/simonitesirchacademy.com\/us\/wp-content\/uploads\/sites\/4\/2023\/09\/Pack_guyot-cordone-1.jpg","contentUrl":"https:\/\/simonitesirchacademy.com\/us\/wp-content\/uploads\/sites\/4\/2023\/09\/Pack_guyot-cordone-1.jpg","width":1200,"height":1500},{"@type":"BreadcrumbList","@id":"https:\/\/simonitesirchacademy.com\/us\/es\/prodotto\/paquete-guyot-cordon-permanente-vine-pruner-advanced\/#breadcrumb","itemListElement":[{"@type":"ListItem","position":1,"name":"Home","item":"https:\/\/simonitesirchacademy.com\/us\/es\/"},{"@type":"ListItem","position":2,"name":"Shop","item":"https:\/\/simonitesirchacademy.com\/us\/?page_id=5"},{"@type":"ListItem","position":3,"name":"Paquete Guyot + Cord\u00f3n"}]},{"@type":"WebSite","@id":"https:\/\/simonitesirchacademy.com\/us\/#website","url":"https:\/\/simonitesirchacademy.com\/us\/","name":"Simonit & Sirch Academy Usa","description":"","publisher":{"@id":"https:\/\/simonitesirchacademy.com\/us\/#organization"},"potentialAction":[{"@type":"SearchAction","target":{"@type":"EntryPoint","urlTemplate":"https:\/\/simonitesirchacademy.com\/us\/?s={search_term_string}"},"query-input":{"@type":"PropertyValueSpecification","valueRequired":true,"valueName":"search_term_string"}}],"inLanguage":"es"},{"@type":"Organization","@id":"https:\/\/simonitesirchacademy.com\/us\/#organization","name":"Simonit & Sirch Academy Usa","url":"https:\/\/simonitesirchacademy.com\/us\/","logo":{"@type":"ImageObject","inLanguage":"es","@id":"https:\/\/simonitesirchacademy.com\/us\/#\/schema\/logo\/image\/","url":"https:\/\/simonitesirchacademy.com\/us\/wp-content\/uploads\/sites\/4\/2023\/09\/simonit-vmp.svg","contentUrl":"https:\/\/simonitesirchacademy.com\/us\/wp-content\/uploads\/sites\/4\/2023\/09\/simonit-vmp.svg","width":163,"height":84,"caption":"Simonit & Sirch Academy Usa"},"image":{"@id":"https:\/\/simonitesirchacademy.com\/us\/#\/schema\/logo\/image\/"},"sameAs":["https:\/\/www.facebook.com\/VINEMASTERPRUNERSACADEMY","https:\/\/www.instagram.com\/vinemasterprunersacademy\/","https:\/\/www.linkedin.com\/company\/simonit-sirch\/","https:\/\/www.youtube.com\/@simonitesirch"]}]}},"_links":{"self":[{"href":"https:\/\/simonitesirchacademy.com\/us\/es\/wp-json\/wp\/v2\/product\/3690","targetHints":{"allow":["GET"]}}],"collection":[{"href":"https:\/\/simonitesirchacademy.com\/us\/es\/wp-json\/wp\/v2\/product"}],"about":[{"href":"https:\/\/simonitesirchacademy.com\/us\/es\/wp-json\/wp\/v2\/types\/product"}],"wp:featuredmedia":[{"embeddable":true,"href":"https:\/\/simonitesirchacademy.com\/us\/es\/wp-json\/wp\/v2\/media\/3691"}],"wp:attachment":[{"href":"https:\/\/simonitesirchacademy.com\/us\/es\/wp-json\/wp\/v2\/media?parent=3690"}],"wp:term":[{"taxonomy":"product_brand","embeddable":true,"href":"https:\/\/simonitesirchacademy.com\/us\/es\/wp-json\/wp\/v2\/product_brand?post=3690"},{"taxonomy":"product_cat","embeddable":true,"href":"https:\/\/simonitesirchacademy.com\/us\/es\/wp-json\/wp\/v2\/product_cat?post=3690"},{"taxonomy":"product_tag","embeddable":true,"href":"https:\/\/simonitesirchacademy.com\/us\/es\/wp-json\/wp\/v2\/product_tag?post=3690"}],"curies":[{"name":"wp","href":"https:\/\/api.w.org\/{rel}","templated":true}]}}