{"id":4428,"date":"2024-01-25T11:24:25","date_gmt":"2024-01-25T10:24:25","guid":{"rendered":"https:\/\/simonitesirchacademy.com\/us\/?post_type=product&#038;p=4428"},"modified":"2024-03-07T18:28:08","modified_gmt":"2024-03-07T17:28:08","slug":"poda-en-guyot-2024","status":"publish","type":"product","link":"https:\/\/simonitesirchacademy.com\/us\/es\/prodotto\/poda-en-guyot-2024\/","title":{"rendered":"Poda en Guyot 2024"},"content":{"rendered":"<p>Duraci\u00f3n: 45 minutos<br \/>\nModalidad de acceso: ilimitado. On demand<\/p>\n<p>En esta lecci\u00f3n virtual, podr\u00e1s observar la aplicaci\u00f3n pr\u00e1ctica de los principios de la Poda Simonit&amp;Sirch en plantas de 17 a\u00f1os conducidas seg\u00fan el sistema Guyot bilateral.<br \/>\nMarco Simonit mostrar\u00e1 algunos casos concretos de poda, observando el estado de crecimiento de cada planta y analizando cada elecci\u00f3n espec\u00edfica de corte.<\/p>\n<p>Contenido:<\/p>\n<p>Introducci\u00f3n: la poda como \u201cdise\u00f1o de la planta\u201d, la importancia de leer la \u201ccronolog\u00eda\u201d de la madera.<br \/>\nAn\u00e1lisis preliminar de la estructura y evaluaci\u00f3n del vigor de las plantas en producci\u00f3n.<br \/>\nPoda seg\u00fan los principios de la poda SIMONIT&amp;SIRCH, con referencia espec\u00edfica a :<br \/>\nelecci\u00f3n del futuro espol\u00f3n: posici\u00f3n y n\u00famero de yemas<br \/>\neliminaci\u00f3n correcta de la vara fruct\u00edfera del a\u00f1o pasado<br \/>\nselecci\u00f3n de la nueva vara fruct\u00edfera<br \/>\ncurvatura y longitud de la vara fruct\u00edfera y consecuencias sobre el desarrollo de los futuros brotes<br \/>\nfalta del espol\u00f3n del a\u00f1o pasado (creaci\u00f3n de la tiralinfa)<br \/>\nalgunas medidas para reducir los riesgos de heladas tard\u00edas<br \/>\nGuyot bilateral frente a monolateral<br \/>\nPreguntas\/Respuestas<\/p>\n","protected":false},"excerpt":{"rendered":"<p>Duraci\u00f3n: 45 minutos Modalidad de acceso: ilimitado. On demand En esta lecci\u00f3n virtual, podr\u00e1s observar la aplicaci\u00f3n pr\u00e1ctica de los principios de la Poda Simonit&amp;Sirch&hellip;<\/p>\n","protected":false},"featured_media":4537,"template":"","meta":[],"product_brand":[],"product_cat":[114],"product_tag":[],"class_list":{"0":"post-4428","1":"product","2":"type-product","3":"status-publish","4":"has-post-thumbnail","6":"product_cat-webinar","8":"first","9":"instock","10":"taxable","11":"shipping-taxable","12":"purchasable","13":"product-type-simple"},"acf":[],"yoast_head":"<!-- This site is optimized with the Yoast SEO plugin v27.3 - https:\/\/yoast.com\/product\/yoast-seo-wordpress\/ -->\n<title>Poda en Guyot 2024 - Simonit &amp; Sirch Academy Usa<\/title>\n<meta name=\"description\" content=\"Live Webinar Guyot\" \/>\n<meta name=\"robots\" content=\"index, follow, max-snippet:-1, max-image-preview:large, max-video-preview:-1\" \/>\n<link rel=\"canonical\" href=\"https:\/\/simonitesirchacademy.com\/us\/es\/prodotto\/poda-en-guyot-2024\/\" \/>\n<meta property=\"og:locale\" content=\"es_ES\" \/>\n<meta property=\"og:type\" content=\"article\" \/>\n<meta property=\"og:title\" content=\"Poda en Guyot 2024 - Simonit &amp; Sirch Academy Usa\" \/>\n<meta property=\"og:description\" content=\"Live Webinar Guyot\" \/>\n<meta property=\"og:url\" content=\"https:\/\/simonitesirchacademy.com\/us\/es\/prodotto\/poda-en-guyot-2024\/\" \/>\n<meta property=\"og:site_name\" content=\"Simonit &amp; Sirch Academy Usa\" \/>\n<meta property=\"article:publisher\" content=\"https:\/\/www.facebook.com\/VINEMASTERPRUNERSACADEMY\" \/>\n<meta property=\"article:modified_time\" content=\"2024-03-07T17:28:08+00:00\" \/>\n<meta property=\"og:image\" content=\"https:\/\/simonitesirchacademy.com\/us\/wp-content\/uploads\/sites\/4\/2024\/01\/Cordone_Inverno_24.jpg\" \/>\n\t<meta property=\"og:image:width\" content=\"1920\" \/>\n\t<meta property=\"og:image:height\" content=\"1920\" \/>\n\t<meta property=\"og:image:type\" content=\"image\/jpeg\" \/>\n<meta name=\"twitter:card\" content=\"summary_large_image\" \/>\n<meta name=\"twitter:label1\" content=\"Tiempo de lectura\" \/>\n\t<meta name=\"twitter:data1\" content=\"1 minuto\" \/>\n<script type=\"application\/ld+json\" class=\"yoast-schema-graph\">{\"@context\":\"https:\\\/\\\/schema.org\",\"@graph\":[{\"@type\":\"WebPage\",\"@id\":\"https:\\\/\\\/simonitesirchacademy.com\\\/us\\\/es\\\/prodotto\\\/poda-en-guyot-2024\\\/\",\"url\":\"https:\\\/\\\/simonitesirchacademy.com\\\/us\\\/es\\\/prodotto\\\/poda-en-guyot-2024\\\/\",\"name\":\"Poda en Guyot 2024 - Simonit & Sirch Academy Usa\",\"isPartOf\":{\"@id\":\"https:\\\/\\\/simonitesirchacademy.com\\\/us\\\/#website\"},\"primaryImageOfPage\":{\"@id\":\"https:\\\/\\\/simonitesirchacademy.com\\\/us\\\/es\\\/prodotto\\\/poda-en-guyot-2024\\\/#primaryimage\"},\"image\":{\"@id\":\"https:\\\/\\\/simonitesirchacademy.com\\\/us\\\/es\\\/prodotto\\\/poda-en-guyot-2024\\\/#primaryimage\"},\"thumbnailUrl\":\"https:\\\/\\\/simonitesirchacademy.com\\\/us\\\/wp-content\\\/uploads\\\/sites\\\/4\\\/2024\\\/01\\\/Cordone_Inverno_24.jpg\",\"datePublished\":\"2024-01-25T10:24:25+00:00\",\"dateModified\":\"2024-03-07T17:28:08+00:00\",\"description\":\"Live Webinar Guyot\",\"breadcrumb\":{\"@id\":\"https:\\\/\\\/simonitesirchacademy.com\\\/us\\\/es\\\/prodotto\\\/poda-en-guyot-2024\\\/#breadcrumb\"},\"inLanguage\":\"es\",\"potentialAction\":[{\"@type\":\"ReadAction\",\"target\":[\"https:\\\/\\\/simonitesirchacademy.com\\\/us\\\/es\\\/prodotto\\\/poda-en-guyot-2024\\\/\"]}]},{\"@type\":\"ImageObject\",\"inLanguage\":\"es\",\"@id\":\"https:\\\/\\\/simonitesirchacademy.com\\\/us\\\/es\\\/prodotto\\\/poda-en-guyot-2024\\\/#primaryimage\",\"url\":\"https:\\\/\\\/simonitesirchacademy.com\\\/us\\\/wp-content\\\/uploads\\\/sites\\\/4\\\/2024\\\/01\\\/Cordone_Inverno_24.jpg\",\"contentUrl\":\"https:\\\/\\\/simonitesirchacademy.com\\\/us\\\/wp-content\\\/uploads\\\/sites\\\/4\\\/2024\\\/01\\\/Cordone_Inverno_24.jpg\",\"width\":1920,\"height\":1920},{\"@type\":\"BreadcrumbList\",\"@id\":\"https:\\\/\\\/simonitesirchacademy.com\\\/us\\\/es\\\/prodotto\\\/poda-en-guyot-2024\\\/#breadcrumb\",\"itemListElement\":[{\"@type\":\"ListItem\",\"position\":1,\"name\":\"Home\",\"item\":\"https:\\\/\\\/simonitesirchacademy.com\\\/us\\\/es\\\/\"},{\"@type\":\"ListItem\",\"position\":2,\"name\":\"Shop\",\"item\":\"https:\\\/\\\/simonitesirchacademy.com\\\/us\\\/?page_id=5\"},{\"@type\":\"ListItem\",\"position\":3,\"name\":\"Poda en Guyot 2024\"}]},{\"@type\":\"WebSite\",\"@id\":\"https:\\\/\\\/simonitesirchacademy.com\\\/us\\\/#website\",\"url\":\"https:\\\/\\\/simonitesirchacademy.com\\\/us\\\/\",\"name\":\"Simonit & Sirch Academy Usa\",\"description\":\"\",\"publisher\":{\"@id\":\"https:\\\/\\\/simonitesirchacademy.com\\\/us\\\/#organization\"},\"potentialAction\":[{\"@type\":\"SearchAction\",\"target\":{\"@type\":\"EntryPoint\",\"urlTemplate\":\"https:\\\/\\\/simonitesirchacademy.com\\\/us\\\/?s={search_term_string}\"},\"query-input\":{\"@type\":\"PropertyValueSpecification\",\"valueRequired\":true,\"valueName\":\"search_term_string\"}}],\"inLanguage\":\"es\"},{\"@type\":\"Organization\",\"@id\":\"https:\\\/\\\/simonitesirchacademy.com\\\/us\\\/#organization\",\"name\":\"Simonit & Sirch Academy Usa\",\"url\":\"https:\\\/\\\/simonitesirchacademy.com\\\/us\\\/\",\"logo\":{\"@type\":\"ImageObject\",\"inLanguage\":\"es\",\"@id\":\"https:\\\/\\\/simonitesirchacademy.com\\\/us\\\/#\\\/schema\\\/logo\\\/image\\\/\",\"url\":\"https:\\\/\\\/simonitesirchacademy.com\\\/us\\\/wp-content\\\/uploads\\\/sites\\\/4\\\/2023\\\/09\\\/simonit-vmp.svg\",\"contentUrl\":\"https:\\\/\\\/simonitesirchacademy.com\\\/us\\\/wp-content\\\/uploads\\\/sites\\\/4\\\/2023\\\/09\\\/simonit-vmp.svg\",\"width\":163,\"height\":84,\"caption\":\"Simonit & Sirch Academy Usa\"},\"image\":{\"@id\":\"https:\\\/\\\/simonitesirchacademy.com\\\/us\\\/#\\\/schema\\\/logo\\\/image\\\/\"},\"sameAs\":[\"https:\\\/\\\/www.facebook.com\\\/VINEMASTERPRUNERSACADEMY\",\"https:\\\/\\\/www.instagram.com\\\/vinemasterprunersacademy\\\/\",\"https:\\\/\\\/www.linkedin.com\\\/company\\\/simonit-sirch\\\/\",\"https:\\\/\\\/www.youtube.com\\\/@simonitesirch\"]}]}<\/script>\n<!-- \/ Yoast SEO plugin. -->","yoast_head_json":{"title":"Poda en Guyot 2024 - Simonit & Sirch Academy Usa","description":"Live Webinar Guyot","robots":{"index":"index","follow":"follow","max-snippet":"max-snippet:-1","max-image-preview":"max-image-preview:large","max-video-preview":"max-video-preview:-1"},"canonical":"https:\/\/simonitesirchacademy.com\/us\/es\/prodotto\/poda-en-guyot-2024\/","og_locale":"es_ES","og_type":"article","og_title":"Poda en Guyot 2024 - Simonit & Sirch Academy Usa","og_description":"Live Webinar Guyot","og_url":"https:\/\/simonitesirchacademy.com\/us\/es\/prodotto\/poda-en-guyot-2024\/","og_site_name":"Simonit & Sirch Academy Usa","article_publisher":"https:\/\/www.facebook.com\/VINEMASTERPRUNERSACADEMY","article_modified_time":"2024-03-07T17:28:08+00:00","og_image":[{"width":1920,"height":1920,"url":"https:\/\/simonitesirchacademy.com\/us\/wp-content\/uploads\/sites\/4\/2024\/01\/Cordone_Inverno_24.jpg","type":"image\/jpeg"}],"twitter_card":"summary_large_image","twitter_misc":{"Tiempo de lectura":"1 minuto"},"schema":{"@context":"https:\/\/schema.org","@graph":[{"@type":"WebPage","@id":"https:\/\/simonitesirchacademy.com\/us\/es\/prodotto\/poda-en-guyot-2024\/","url":"https:\/\/simonitesirchacademy.com\/us\/es\/prodotto\/poda-en-guyot-2024\/","name":"Poda en Guyot 2024 - Simonit & Sirch Academy Usa","isPartOf":{"@id":"https:\/\/simonitesirchacademy.com\/us\/#website"},"primaryImageOfPage":{"@id":"https:\/\/simonitesirchacademy.com\/us\/es\/prodotto\/poda-en-guyot-2024\/#primaryimage"},"image":{"@id":"https:\/\/simonitesirchacademy.com\/us\/es\/prodotto\/poda-en-guyot-2024\/#primaryimage"},"thumbnailUrl":"https:\/\/simonitesirchacademy.com\/us\/wp-content\/uploads\/sites\/4\/2024\/01\/Cordone_Inverno_24.jpg","datePublished":"2024-01-25T10:24:25+00:00","dateModified":"2024-03-07T17:28:08+00:00","description":"Live Webinar Guyot","breadcrumb":{"@id":"https:\/\/simonitesirchacademy.com\/us\/es\/prodotto\/poda-en-guyot-2024\/#breadcrumb"},"inLanguage":"es","potentialAction":[{"@type":"ReadAction","target":["https:\/\/simonitesirchacademy.com\/us\/es\/prodotto\/poda-en-guyot-2024\/"]}]},{"@type":"ImageObject","inLanguage":"es","@id":"https:\/\/simonitesirchacademy.com\/us\/es\/prodotto\/poda-en-guyot-2024\/#primaryimage","url":"https:\/\/simonitesirchacademy.com\/us\/wp-content\/uploads\/sites\/4\/2024\/01\/Cordone_Inverno_24.jpg","contentUrl":"https:\/\/simonitesirchacademy.com\/us\/wp-content\/uploads\/sites\/4\/2024\/01\/Cordone_Inverno_24.jpg","width":1920,"height":1920},{"@type":"BreadcrumbList","@id":"https:\/\/simonitesirchacademy.com\/us\/es\/prodotto\/poda-en-guyot-2024\/#breadcrumb","itemListElement":[{"@type":"ListItem","position":1,"name":"Home","item":"https:\/\/simonitesirchacademy.com\/us\/es\/"},{"@type":"ListItem","position":2,"name":"Shop","item":"https:\/\/simonitesirchacademy.com\/us\/?page_id=5"},{"@type":"ListItem","position":3,"name":"Poda en Guyot 2024"}]},{"@type":"WebSite","@id":"https:\/\/simonitesirchacademy.com\/us\/#website","url":"https:\/\/simonitesirchacademy.com\/us\/","name":"Simonit & Sirch Academy Usa","description":"","publisher":{"@id":"https:\/\/simonitesirchacademy.com\/us\/#organization"},"potentialAction":[{"@type":"SearchAction","target":{"@type":"EntryPoint","urlTemplate":"https:\/\/simonitesirchacademy.com\/us\/?s={search_term_string}"},"query-input":{"@type":"PropertyValueSpecification","valueRequired":true,"valueName":"search_term_string"}}],"inLanguage":"es"},{"@type":"Organization","@id":"https:\/\/simonitesirchacademy.com\/us\/#organization","name":"Simonit & Sirch Academy Usa","url":"https:\/\/simonitesirchacademy.com\/us\/","logo":{"@type":"ImageObject","inLanguage":"es","@id":"https:\/\/simonitesirchacademy.com\/us\/#\/schema\/logo\/image\/","url":"https:\/\/simonitesirchacademy.com\/us\/wp-content\/uploads\/sites\/4\/2023\/09\/simonit-vmp.svg","contentUrl":"https:\/\/simonitesirchacademy.com\/us\/wp-content\/uploads\/sites\/4\/2023\/09\/simonit-vmp.svg","width":163,"height":84,"caption":"Simonit & Sirch Academy Usa"},"image":{"@id":"https:\/\/simonitesirchacademy.com\/us\/#\/schema\/logo\/image\/"},"sameAs":["https:\/\/www.facebook.com\/VINEMASTERPRUNERSACADEMY","https:\/\/www.instagram.com\/vinemasterprunersacademy\/","https:\/\/www.linkedin.com\/company\/simonit-sirch\/","https:\/\/www.youtube.com\/@simonitesirch"]}]}},"_links":{"self":[{"href":"https:\/\/simonitesirchacademy.com\/us\/es\/wp-json\/wp\/v2\/product\/4428","targetHints":{"allow":["GET"]}}],"collection":[{"href":"https:\/\/simonitesirchacademy.com\/us\/es\/wp-json\/wp\/v2\/product"}],"about":[{"href":"https:\/\/simonitesirchacademy.com\/us\/es\/wp-json\/wp\/v2\/types\/product"}],"wp:featuredmedia":[{"embeddable":true,"href":"https:\/\/simonitesirchacademy.com\/us\/es\/wp-json\/wp\/v2\/media\/4537"}],"wp:attachment":[{"href":"https:\/\/simonitesirchacademy.com\/us\/es\/wp-json\/wp\/v2\/media?parent=4428"}],"wp:term":[{"taxonomy":"product_brand","embeddable":true,"href":"https:\/\/simonitesirchacademy.com\/us\/es\/wp-json\/wp\/v2\/product_brand?post=4428"},{"taxonomy":"product_cat","embeddable":true,"href":"https:\/\/simonitesirchacademy.com\/us\/es\/wp-json\/wp\/v2\/product_cat?post=4428"},{"taxonomy":"product_tag","embeddable":true,"href":"https:\/\/simonitesirchacademy.com\/us\/es\/wp-json\/wp\/v2\/product_tag?post=4428"}],"curies":[{"name":"wp","href":"https:\/\/api.w.org\/{rel}","templated":true}]}}